{"id":887,"date":"2017-08-22T15:28:58","date_gmt":"2017-08-22T13:28:58","guid":{"rendered":"https:\/\/scientistsontour.de\/?page_id=887"},"modified":"2017-08-22T15:33:10","modified_gmt":"2017-08-22T13:33:10","slug":"mexiko","status":"publish","type":"page","link":"https:\/\/scientistsontour.de\/?page_id=887","title":{"rendered":"Mexiko"},"content":{"rendered":"<ul class=\"lcp_catlist\" id=\"lcp_instance_0\"><li><a href=\"https:\/\/scientistsontour.de\/?p=898\">Auf nach Mexiko &#8211; erste Station: Tulum<\/a><div class=\"lcp_excerpt\">Das Wochenende war also vorbei und wir sa\u00dfen im Flieger \u00fcber Atlanta nach Cancun auf der Halbinsel Yucatan in Mexiko. Da wir uns\u00a0 das vornehmlich von Touristen bev\u00f6lkerte Cancun nicht antun wollten, setzten wir uns im Flughafen direkt in einen Bus ins 2h entfernte Tulum mit einen kurzen Zwischenstopp in Playa del Carmen. Unser Hostel ...<\/div><\/li><li><a href=\"https:\/\/scientistsontour.de\/?p=900\">Valladolid &#8211; Ruinen und nochmal Ruinen<\/a><div class=\"lcp_excerpt\">F\u00fcr unseren dritten Tag hatten wir uns einen Bus nach Valladolid gebucht, um dort die Ruinen Ek Balam und Chichen Itza zu besichtigen.\nNachdem wir Mittags ankamen und nach ein wenig suchen auch unser Hotel gefunden hatten, machten wir uns direkt auf mit dem Collectivo nach Ek Balam. Dieses Mal klappte das ganze innerhalb weniger Minuten, ...<\/div><\/li><li><a href=\"https:\/\/scientistsontour.de\/?p=902\">M\u00e9rida &#8211; Kolonialstadt und Dieter Bohlen<\/a><div class=\"lcp_excerpt\">M\u00e9rida sollte unsere erste mexikanische Kolonialstadt werden. Unser Besuch beschr\u00e4nkte sich haupts\u00e4chlich auf eine Stadtf\u00fchrung und ein wenig Geschlender durch einen lokalen Markt (mit super Tacos \ud83d\ude42 ). Bei der Stadtf\u00fchrung erfuhren wir so einiges \u00fcber die spanische Kolonialisierung, \u00fcber die Zeit w\u00e4hrend und nach der Sklaverei und den kurzzeitigen Wohlstand der Halbinsel auf Grund ...<\/div><\/li><li><a href=\"https:\/\/scientistsontour.de\/?p=910\">Bacalar &#8211; fast wie couchsurfing<\/a><div class=\"lcp_excerpt\">Nach der vorerst l\u00e4ngsten (aber \u00fcberaus bequemen, das sollte sich noch \u00e4ndern\u2026) Busfahrt von knapp 5 Stunden kamen wir in unserem vorerst letzten Ziel in Mexiko an, Bacalar. Bacalar ist bekannt f\u00fcr die Laguna Bacalar, auch bekannt als \u201cLagune der 7 Farben\u201d. Dazu aber sp\u00e4ter mehr, zuerst wurden wir von unseren supernetten AirBnB Hosts Georgina ...<\/div><\/li><li><a href=\"https:\/\/scientistsontour.de\/?p=934\">San Cristobal &#8211; mit wackelndem Boden zur\u00fcck nach Mexiko<\/a><div class=\"lcp_excerpt\">Die Fahrt von Lago Atitlan nach San Cristobal wurde uns mit 7-9 Stunden angepriesen. Los ging es um 6:30 in der Fr\u00fch und angekommen sind wir um 21:00. Ausnahmsweise war das aber nicht die Folge eines leeren Versprechens, sondern einfach nur Pech (gepaart mit einer geh\u00f6rigen Portion schlechte Organisation). Wir wurden n\u00e4mlich zur Grenze gefahren ...<\/div><\/li><li><a href=\"https:\/\/scientistsontour.de\/?p=925\">Palenque &#8211; zwei wundersch\u00f6ne Wasserf\u00e4lle, eine Ruine und eine laaange R\u00fcckreise<\/a><div class=\"lcp_excerpt\">Da wir wie bereits angesprochen nicht wie urspr\u00fcnglich geplant nach Cancun zur\u00fcckfliegen konnten, hatten wir uns einen anderen Plan \u00fcberlegt. Von San Cristobal aus buchten wir eine Tour zu den Ruinen in Palenque (ca. 5-6 Stunden Autofahrt entfernt), welche au\u00dferdem die beiden auf dem Weg befindlichen Wasserf\u00e4lle mit einschloss, die wir unbedingt noch sehen wollten. ...<\/div><\/li><\/ul>\n","protected":false},"excerpt":{"rendered":"","protected":false},"author":2,"featured_media":0,"parent":880,"menu_order":0,"comment_status":"closed","ping_status":"closed","template":"","meta":{"jetpack_post_was_ever_published":false},"_links":{"self":[{"href":"https:\/\/scientistsontour.de\/index.php?rest_route=\/wp\/v2\/pages\/887"}],"collection":[{"href":"https:\/\/scientistsontour.de\/index.php?rest_route=\/wp\/v2\/pages"}],"about":[{"href":"https:\/\/scientistsontour.de\/index.php?rest_route=\/wp\/v2\/types\/page"}],"author":[{"embeddable":true,"href":"https:\/\/scientistsontour.de\/index.php?rest_route=\/wp\/v2\/users\/2"}],"replies":[{"embeddable":true,"href":"https:\/\/scientistsontour.de\/index.php?rest_route=%2Fwp%2Fv2%2Fcomments&post=887"}],"version-history":[{"count":3,"href":"https:\/\/scientistsontour.de\/index.php?rest_route=\/wp\/v2\/pages\/887\/revisions"}],"predecessor-version":[{"id":895,"href":"https:\/\/scientistsontour.de\/index.php?rest_route=\/wp\/v2\/pages\/887\/revisions\/895"}],"up":[{"embeddable":true,"href":"https:\/\/scientistsontour.de\/index.php?rest_route=\/wp\/v2\/pages\/880"}],"wp:attachment":[{"href":"https:\/\/scientistsontour.de\/index.php?rest_route=%2Fwp%2Fv2%2Fmedia&parent=887"}],"curies":[{"name":"wp","href":"https:\/\/api.w.org\/{rel}","templated":true}]}}