{"id":511,"date":"2015-04-17T09:05:01","date_gmt":"2015-04-16T21:05:01","guid":{"rendered":"http:\/\/scientistsontour.de\/?page_id=511"},"modified":"2015-04-17T09:06:06","modified_gmt":"2015-04-16T21:06:06","slug":"ostkueste","status":"publish","type":"page","link":"https:\/\/scientistsontour.de\/?page_id=511","title":{"rendered":"Ostk\u00fcste"},"content":{"rendered":"<ul class=\"lcp_catlist\" id=\"lcp_instance_0\"><li><a href=\"https:\/\/scientistsontour.de\/?p=429\">Canberra \u2013 Vier Stunden in Australiens Hauptstadt, was machen wir nur mit der ganzen Freizeit???? \u2026und eine ziemlich miese Mitfahrgelegenheit<\/a><div class=\"lcp_excerpt\">In der Fr\u00fch standen wir extra fr\u00fch auf, um einerseits fr\u00fch genug loszukommen, wir hatten ja noch 2,5 Stunden Fahrt vor uns (und das Auto musste um 10h in Canberra sein), und andererseits den Sonnenaufgang bewundern zu k\u00f6nnen. Leider war es immer noch ziemlich bew\u00f6lkt und tr\u00fcb, sodass das ins Wasser gefallen war und wir ...<\/div><\/li><li><a href=\"https:\/\/scientistsontour.de\/?p=427\">Batemans Bay<\/a><div class=\"lcp_excerpt\">In Batemans Bay ist vor allem der weiter n\u00f6rdlich gelegene Murramarang Nationalpark interessant, mit seinen drei traumhaften Str\u00e4nden (Pebbly Beach, Pretty Beach und Depot Beach) sowie einem wundersch\u00f6nen Flussausl\u00e4ufer ins Meer in North Durras. Davor besichtigten wir aber noch zwei weitere Strandorte, Bendalong und Narawallee (inkl. Mollymook). Die Str\u00e4nde hier waren zwar nicht mehr wei\u00df ...<\/div><\/li><li><a href=\"https:\/\/scientistsontour.de\/?p=425\">Jervis Bay \u2013 eine kleine Vers\u00f6hnung mit der Ostk\u00fcste<\/a><div class=\"lcp_excerpt\">Gegen Nachmittag in Jervis Bay angekommen, war fantastisches Wetter. Tobi entdeckte eine kleine Bucht mit t\u00fcrkisblauem Wasser (Currarong) am n\u00f6rdlichen Ende der Jervis Bucht. Zudem gab es dort wieder einen Rock Pool. Ein wundersch\u00f6ner Fleck! \u00dcber Nacht blieben wir in Huskisson, um am n\u00e4chsten Tag den Rest von Jervis Bay erkunden zu k\u00f6nnen. Jervis Bay ...<\/div><\/li><li><a href=\"https:\/\/scientistsontour.de\/?p=423\">Der gr\u00f6\u00dfte buddhistische Tempel der s\u00fcdlichen Hemisph\u00e4re und endlich ein Blow Hole, das seinen Namen auch verdient<\/a><div class=\"lcp_excerpt\">Um 4 Tage lang noch ein wenig K\u00fcste zwischen Sydney und Melbourne mitzunehmen, mieteten wir uns noch ein letztes Mal einen kleinen roten Flitzer. Der erste Tag ging leider gleich sehr verregnet los. Trotzdem wollten wir uns ein paar Highlights rund um Kiama nicht entgehen lassen: die Cathedral Rocks, eine Felsformation, die tats\u00e4chlich einer Kirche ...<\/div><\/li><li><a href=\"https:\/\/scientistsontour.de\/?p=420\">Blue Mountains<\/a><div class=\"lcp_excerpt\">Nun also die weltber\u00fchmten Blue Mountains\u2026 Ber\u00fchmt sind sie vermutlich haupts\u00e4chlich deswegen, weil sie so ziemlich der einzige \u201ewilde\u201c Fleck Australiens sind, der sich gem\u00fctlich mit dem Auto oder Zug von einer Gro\u00dfstadt erreichen l\u00e4sst (was sich ja irgendwie selbst widerspricht). Wie wir ja bereits im Rest des Landes festgestellt haben, ist das \u201eErleben\u201c des ...<\/div><\/li><li><a href=\"https:\/\/scientistsontour.de\/?p=416\">Sydney \u2013 Ein zweiter Versuch<\/a><div class=\"lcp_excerpt\">Steves Schwester Leanne holte uns am Bahnhof ab, begr\u00fc\u00dfte uns herzlich und bot uns gleich noch Abendessen an. Zuvor wurden wir allerdings von ihren beiden Hunden begr\u00fc\u00dft: Alex und Diesel. Der eine 4 Jahre, der andere 1 Jahr alt und dementsprechend st\u00fcrmisch. Dieses Mal waren es zwei Pitbull Terrier, zusammen waren sie super chaotisch und ...<\/div><\/li><li><a href=\"https:\/\/scientistsontour.de\/?p=413\">Newcastle<\/a><div class=\"lcp_excerpt\">Nachdem Tobi sich am Campingplatz zwei Holl\u00e4nderinnen angelacht hatte, war die Fahrt zum Highway am n\u00e4chsten Tag \u00fcberhaupt kein Problem. Die beiden wollten zwar nach Norden, doch bis zum Highway hatten wir den gleichen Weg. Wir schafften es dann auch irgendwie unser Gep\u00e4ck inklusive uns in den vorher bereits komplett vollen Wagen zu quetschen (siehe ...<\/div><\/li><li><a href=\"https:\/\/scientistsontour.de\/?p=411\">Port Macquarie<\/a><div class=\"lcp_excerpt\">Bevor wir uns auf den Weg von Coffs Harbour nach Port Macquarie begaben, mussten wir nat\u00fcrlich erst wieder ein Schild basteln. Kerstin hatte so langsam Gefallen daran gefunden \ud83d\ude42 Als wir das geschafft hatten, mussten wir nur noch irgendwie an den Highway kommen. Denn der richtige Platz beim Trampen ist entscheidend, das haben wir nun ...<\/div><\/li><li><a href=\"https:\/\/scientistsontour.de\/?p=408\">Coffs Harbour<\/a><div class=\"lcp_excerpt\">Heute sollte es also ca. 400km von Byron Bay nach Coffs Harbour gehen. Nachdem es quasi die komplette Nacht durchgeregnet und auch in das Zelt geregnet hatte, so dass in der Fr\u00fch ein kleiner See in unserem Zelt war (es war eben doch nur ein 32$ Zelt), mussten wir zuerst unser Zelt in einen transportf\u00e4higen ...<\/div><\/li><li><a href=\"https:\/\/scientistsontour.de\/?p=402\">Gold Coast<\/a><div class=\"lcp_excerpt\">Wieder in Brizzy \u2013 australisch f\u00fcr Brisbane \u2013 angekommen, setzten wir uns gleich in den Zug zur weltber\u00fchmten Gold Coast. Dort hatten wir einen Couchsurfer f\u00fcr 5 Tage gefunden: Joshua. Er ist in unserem Alter und trainiert gerade f\u00fcr seinen ersten Marathon, den er im Mai in der N\u00e4he von L.A. antreten wird. Leider genau ...<\/div><\/li><li><a href=\"https:\/\/scientistsontour.de\/?p=400\">Ab in den Norden Australiens \u2013 Tag 13-15: Noosa und ein Strand in allen Regenbogenfarben<\/a><div class=\"lcp_excerpt\">Auf dem Weg nach Noosa legten wir noch einen Zwischenstopp im Great Sandy National Park ein, dessen Hauptattraktion der Rainbow Beach ist. Helen und Myra von Fraser Island meinten, dass wir dort unbedingt hinm\u00fcssen, es g\u00e4be tats\u00e4chlich Sand in vielen verschiedenen Farben. Gesagt, getan. Der eigentliche Badestrand, an dem wir nat\u00fcrlich einen Badestopp eingelegt haben, ...<\/div><\/li><li><a href=\"https:\/\/scientistsontour.de\/?p=393\">Ab in den Norden Australiens \u2013 Tag 11-13: Jetzt doch noch nach Fraser Island aber mit einem recht ungew\u00f6hnlichen Tour-Programm<\/a><div class=\"lcp_excerpt\">Bevor wir in Hervey Bay ankamen (bei unserem n\u00e4chsten Couchsurfer, diesmal ein Deutscher Auswanderer Namens Axel), wollten wir noch den Strand in Agnes Water besuchen, da Steve diesen also den Besten in der n\u00e4heren Umgebung um Gladstone beschrieben hatte. Dieser ist tats\u00e4chlich ziemlich sch\u00f6n und nicht \u00fcberm\u00e4\u00dfig \u00fcberlaufen, weshalb wir dort ein paar Stunden verbrachten. ...<\/div><\/li><li><a href=\"https:\/\/scientistsontour.de\/?p=391\">Ab in den Norden Australiens \u2013 Tag 10-11: Zur\u00fcck zu Steve<\/a><div class=\"lcp_excerpt\">Von Mackay ging es dann zur\u00fcck nach Gladstone. Eigentlich hatten wir \u00fcberlegt direkt nach Hervey Bay zu fahren, aber einerseits hatten wir einen Tag Puffer und andererseits h\u00e4tte das wieder einen kompletten Tag im Auto bedeutet, weshalb wir beschlossen nochmal einen Stopp in Gladstone bei Stephen unserem Couchsurfer zu machen, der uns netterweise nochmal eine ...<\/div><\/li><li><a href=\"https:\/\/scientistsontour.de\/?p=388\">Ab in den Norden Australiens \u2013 Tag 8-10: Wet-T-Shirt-Contest in Mackay und ein traumhaftes Bad mitten im Regenwald<\/a><div class=\"lcp_excerpt\">F\u00fcr Mackay haben wir zwei Couchsurfer f\u00fcr jeweils eine Nacht gefunden. Die erste Nacht verbrachten wir bei Dish. Wir wissen bis jetzt nicht, ob das sein richtiger Name ist oder nicht. Auf jeden Fall ist er ein sehr l\u00e4ssiger Typ, Anfang 30 und urspr\u00fcnglich aus Los Angeles, aber schon seit 8 Jahren in Australien. Bis ...<\/div><\/li><li><a href=\"https:\/\/scientistsontour.de\/?p=385\">Ab in den Norden Australiens \u2013 Tag 6-8: Airlie Beach und die Whitsundays<\/a><div class=\"lcp_excerpt\">F\u00fcr Airlie Beach konnten wir leider keinen Couchsurfer finden, geschweige denn, dass \u00fcberhaupt einer auf unsere Anfragen geantwortet hatte, aber gut. Deshalb machten wir uns also mit unserem Auto auf die Suche nach einem Campingplatz. Als wir dazu dann durch das Stadtzentrum fahren mussten, waren wir erstmal geschockt und wollten am liebsten gleich wieder umkehren. ...<\/div><\/li><li><a href=\"https:\/\/scientistsontour.de\/?p=373\">Ab in den Norden Australiens \u2013 Tag 4-6: Die Carnarvon Gorge: Hornissen, platte Bieber und andere Hindernisse<\/a><div class=\"lcp_excerpt\">Nach einer ziemlich gem\u00fctlichen Autofahrt bis zum Eingang des Nationalparks und einer anschlie\u00dfenden Fahrt \u00fcber Stock und Stein (welche auf Grund unseres kleinen SUV diesmal sogar richtig Spa\u00df machte), kamen wir am sp\u00e4ten Nachmittag am Campingplatz vor der Schlucht an. Nach einem netten Gespr\u00e4ch mit der jungen Lady an der Rezeption war der Plan f\u00fcr ...<\/div><\/li><li><a href=\"https:\/\/scientistsontour.de\/?p=371\">Ab in den Norden Australiens \u2013 Tag 2-4: Gladstone, Steve und andere Merkw\u00fcrdigkeiten<\/a><div class=\"lcp_excerpt\">Gladstone hatten wir uns eigentlich deshalb ausgesucht, um unter Umst\u00e4nden einen Blick auf das Great-Barrier-Reef zu erhaschen. Wir wussten allerdings schon im Voraus, dass die beworbenen Touren zu teuer waren. Diese kosteten n\u00e4mlich 190$ f\u00fcr 5 Stunden Boot-Fahren und 2 Stunden auf einer Vogel-Kacke-Insel namens Lady Musgrove (Die Insel entsteht tats\u00e4chlich aus 100% Vogel-Kacke, welche ...<\/div><\/li><li><a href=\"https:\/\/scientistsontour.de\/?p=369\">Ab in den Norden Australiens \u2013 Tag 1-2: Noosa und Maryborough<\/a><div class=\"lcp_excerpt\">Der erste Tag begann nat\u00fcrlich damit, das Auto erstmal abzuholen. Einen wundersch\u00f6nen Nissan Dualis (man k\u00f6nnte fast sagen einen SUV). Wir hatten sogar einen Mitfahrer f\u00fcr den ersten Tag, einen Finnen namens Mikey. Ja richtig geh\u00f6rt, weder deutsch (gef\u00fchlt 50% der Backpacker in Australien) noch franz\u00f6sisch (gef\u00fchlte 48%), sondern finnisch, die gibt es hier scheinbar ...<\/div><\/li><li><a href=\"https:\/\/scientistsontour.de\/?p=330\">Brisbane<\/a><div class=\"lcp_excerpt\">Der \u00dcbernacht Zug war unerwarteter Weise sehr angenehm, wir konnten beide mit Unterbrechungen super schlafen. Kann man durchaus mal wieder machen. Als wir dann im Bus zu unserem AirBnb-Zimmer sa\u00dfen, wurden wir gleich mal von der Regenzeit, die ja w\u00e4hrend des Sommers in Queensland herrscht, begr\u00fc\u00dft. W\u00e4hrend des Sommers ist im Norden Australiens Regenzeit, sprich ...<\/div><\/li><li><a href=\"https:\/\/scientistsontour.de\/?p=328\">Silvester im Glenworth Valley<\/a><div class=\"lcp_excerpt\">Unsere Event-Firma, bei der wir schon das ein oder andere Mal in Perth gearbeitet haben, hat Arbeitskr\u00e4fte f\u00fcr das 3-t\u00e4gige Musik-Festival Lost Paradise im Glenworth Valley (30.12.-01.01.), ungef\u00e4hr 100km n\u00f6rdlich von Sydney, gesucht. Das wollten wir nat\u00fcrlich ausnutzen und haben uns f\u00fcr alle m\u00f6glichen Positionen beworben. Bekommen haben wir beide eine 40-st\u00fcndige Schicht als Barkeeper. ...<\/div><\/li><li><a href=\"https:\/\/scientistsontour.de\/?p=323\">Weihnachten in Sydney<\/a><div class=\"lcp_excerpt\">Nachdem wir relativ lange versucht hatten einen Couchsurfer in Sydney zu finden und damit kein Gl\u00fcck hatten (war ja schlie\u00dflich Weihnachten), buchten wir uns ein Zimmer in einer Wohnung \u00fcber AirBnb (was tats\u00e4chlich g\u00fcnstiger war als das schlechteste Hostel in Sydney). Die Wohnung war dann auch ganz gut gelegen (ca. 10 Minuten in die Stadt) ...<\/div><\/li><\/ul>\n","protected":false},"excerpt":{"rendered":"","protected":false},"author":2,"featured_media":0,"parent":29,"menu_order":3,"comment_status":"open","ping_status":"closed","template":"","meta":{"jetpack_post_was_ever_published":false},"_links":{"self":[{"href":"https:\/\/scientistsontour.de\/index.php?rest_route=\/wp\/v2\/pages\/511"}],"collection":[{"href":"https:\/\/scientistsontour.de\/index.php?rest_route=\/wp\/v2\/pages"}],"about":[{"href":"https:\/\/scientistsontour.de\/index.php?rest_route=\/wp\/v2\/types\/page"}],"author":[{"embeddable":true,"href":"https:\/\/scientistsontour.de\/index.php?rest_route=\/wp\/v2\/users\/2"}],"replies":[{"embeddable":true,"href":"https:\/\/scientistsontour.de\/index.php?rest_route=%2Fwp%2Fv2%2Fcomments&post=511"}],"version-history":[{"count":1,"href":"https:\/\/scientistsontour.de\/index.php?rest_route=\/wp\/v2\/pages\/511\/revisions"}],"predecessor-version":[{"id":512,"href":"https:\/\/scientistsontour.de\/index.php?rest_route=\/wp\/v2\/pages\/511\/revisions\/512"}],"up":[{"embeddable":true,"href":"https:\/\/scientistsontour.de\/index.php?rest_route=\/wp\/v2\/pages\/29"}],"wp:attachment":[{"href":"https:\/\/scientistsontour.de\/index.php?rest_route=%2Fwp%2Fv2%2Fmedia&parent=511"}],"curies":[{"name":"wp","href":"https:\/\/api.w.org\/{rel}","templated":true}]}}