{"id":503,"date":"2015-04-17T09:03:32","date_gmt":"2015-04-16T21:03:32","guid":{"rendered":"http:\/\/scientistsontour.de\/?page_id=503"},"modified":"2015-04-17T09:06:15","modified_gmt":"2015-04-16T21:06:15","slug":"suedkueste","status":"publish","type":"page","link":"https:\/\/scientistsontour.de\/?page_id=503","title":{"rendered":"S\u00fcdk\u00fcste"},"content":{"rendered":"<ul class=\"lcp_catlist\" id=\"lcp_instance_0\"><li><a href=\"https:\/\/scientistsontour.de\/?p=433\">Melbourne \u2013 Unsere indische WG und endlich eine Stadt Australiens, die ihrem Ruf gerecht wird!<\/a><div class=\"lcp_excerpt\">Nun waren wir also in Melbourne, unserem letzten Stopp in Australien, angekommen. Frisch ausgeschlafen am n\u00e4chsten Morgen quatschten wir erst mal gem\u00fctlich mit allen, wir hatten ja schlie\u00dflich keinen Stress, eine Woche um eine Stadt zu erkunden sollte doch locker reichen. Die 2 britischen Couchsurfer (einer davon Schotte mit einem echt fiesen Akzent) konnten wohl ...<\/div><\/li><li><a href=\"https:\/\/scientistsontour.de\/?p=320\">Eine Nacht in Melbourne und zwei N\u00e4chte im Luxuscamper<\/a><div class=\"lcp_excerpt\">Nach der letzten Nacht im Camper (mal wieder auf einem Rastplatz neben dem Highway) hie\u00df es den Camper putzen, Sachen packen und ab nach Melbourne, um ihn zur\u00fcckzubringen. Das entpuppte sich dann als ein etwas schwieriger Prozess. Der arme Kerl der Vermietungsfirma wusste n\u00e4mlich nichts von unserer Geschichte mit dem Zylinder. Nachdem er uns zu ...<\/div><\/li><li><a href=\"https:\/\/scientistsontour.de\/?p=316\">Great Ocean Road<\/a><div class=\"lcp_excerpt\">Nach unserem Ausflug in die Grampians fuhren wir noch bis sp\u00e4t in die Nacht in Richtung Great Ocean Road (was auf Grund der ganzen nachtaktiven Tiere im Nationalpark doch ziemlich spannend war). Als wir dann endlich mitten in der Nacht einen geeigneten Schlafparkplatz gefunden hatten schliefen wir auch direkt ein. Am n\u00e4chsten Morgen erwartete uns ...<\/div><\/li><li><a href=\"https:\/\/scientistsontour.de\/?p=246\">Der Grampians Nationalpark<\/a><div class=\"lcp_excerpt\">F\u00fcr die Strecke zwischen Adelaide und der Great Ocean Road gibt es zwei Optionen. Die erste Route f\u00fchrt etwa 600km entlang der K\u00fcste, die andere f\u00fchrt zu einem gro\u00dfen Teil durch das Landesinnere und anschlie\u00dfend mitten durch den Grampians Nationalpark (\u201egramp\u201c = Opa, keine Ahnung ob das etwas damit zu tun hat \ud83d\ude09 ) in ...<\/div><\/li><li><a href=\"https:\/\/scientistsontour.de\/?p=243\">Adelaide<\/a><div class=\"lcp_excerpt\">Nach 2-t\u00e4giger Fahrt waren wir dann also abends in Adelaide angekommen und haben den Abend einfach nur damit verbracht uns am Brighton Strand s\u00fcdlich der Innenstadt von Adelaide zu erholen und den Sonnenuntergang am Campingplatzstrand zu genie\u00dfen. Endlich frisch geduscht haben wir uns dann am n\u00e4chsten Tag mit der S-Bahn auf den Weg in Richtung ...<\/div><\/li><li><a href=\"https:\/\/scientistsontour.de\/?p=238\">Eine 26 st\u00fcndige Autofahrt und Durchquerung des Nullabor<\/a><div class=\"lcp_excerpt\">Die Autofahrt von Esperance nach Adelaide ist unglaublich lang, n\u00e4mlich 2268 km. Um das mal in einen Kontext zu bringen, zwischen Garmisch-Partenkirchen und Flensburg liegen 1000 km. Sprich wir sind an zwei Tagen einmal vom s\u00fcdlichsten zum n\u00f6rdlichsten Punkt in Deutschland und zur\u00fcck. Der Unterschied zwischen Esperance und Adelaide sind 3 \u201egr\u00f6\u00dfere\u201c St\u00e4dte, grob ein ...<\/div><\/li><li><a href=\"https:\/\/scientistsontour.de\/?p=234\">Esperance<\/a><div class=\"lcp_excerpt\">Nach einer diesmal etwas l\u00e4ngeren Autofahrt (ca. 5 Stunden, aber das werden wir noch toppen k\u00f6nnen) kamen wir gegen 16:00 in Esperance an. Nachdem unser Couchsurfer kurzfristig arbeiten musste, vertrieben wir uns die Zwischenzeit mit einer Fahrt \u00fcber den Ocean Drive, welcher am Pink Lake (der nicht pink ist) zur K\u00fcste und dort entlang alle ...<\/div><\/li><li><a href=\"https:\/\/scientistsontour.de\/?p=227\">Albany<\/a><div class=\"lcp_excerpt\">In Albany angekommen wurden wir erstmal bitter entt\u00e4uscht. Obwohl wir eine Stunde vor Ladenschluss ankamen, wurden wir in der Werkstatt auf den n\u00e4chsten Morgen vertr\u00f6stet. Dementsprechend leicht genervt machten wir uns auf den Weg zur\u00fcck zu einer Couchsurferin, die uns spontan f\u00fcr die Nacht zugesagt hatte. Rachel war super nett und hilfsbereit (wir durften unseren ...<\/div><\/li><li><a href=\"https:\/\/scientistsontour.de\/?p=223\">Shannon Forest &#038; Valley of the Giants<\/a><div class=\"lcp_excerpt\">Nachdem wir Margeret River gesehen bzw. gekostet hatten, wollten wir noch ein paar km in Richtung Albany gutmachen. Wir waren schon ziemlich gespannt auf die Strecke, da sie uns direkt durch ein riesiges Waldgebiet, den Shannon Forest f\u00fchren sollte. Die Strecke war dann tats\u00e4chlich auch unglaublich sch\u00f6n, bis wir irgendwann dicke Rauchschwaden \u00fcber dem Wald ...<\/div><\/li><\/ul>\n","protected":false},"excerpt":{"rendered":"","protected":false},"author":2,"featured_media":0,"parent":29,"menu_order":2,"comment_status":"open","ping_status":"closed","template":"","meta":{"jetpack_post_was_ever_published":false},"_links":{"self":[{"href":"https:\/\/scientistsontour.de\/index.php?rest_route=\/wp\/v2\/pages\/503"}],"collection":[{"href":"https:\/\/scientistsontour.de\/index.php?rest_route=\/wp\/v2\/pages"}],"about":[{"href":"https:\/\/scientistsontour.de\/index.php?rest_route=\/wp\/v2\/types\/page"}],"author":[{"embeddable":true,"href":"https:\/\/scientistsontour.de\/index.php?rest_route=\/wp\/v2\/users\/2"}],"replies":[{"embeddable":true,"href":"https:\/\/scientistsontour.de\/index.php?rest_route=%2Fwp%2Fv2%2Fcomments&post=503"}],"version-history":[{"count":2,"href":"https:\/\/scientistsontour.de\/index.php?rest_route=\/wp\/v2\/pages\/503\/revisions"}],"predecessor-version":[{"id":508,"href":"https:\/\/scientistsontour.de\/index.php?rest_route=\/wp\/v2\/pages\/503\/revisions\/508"}],"up":[{"embeddable":true,"href":"https:\/\/scientistsontour.de\/index.php?rest_route=\/wp\/v2\/pages\/29"}],"wp:attachment":[{"href":"https:\/\/scientistsontour.de\/index.php?rest_route=%2Fwp%2Fv2%2Fmedia&parent=503"}],"curies":[{"name":"wp","href":"https:\/\/api.w.org\/{rel}","templated":true}]}}