{"id":36,"date":"2014-08-06T04:20:07","date_gmt":"2014-08-05T21:20:07","guid":{"rendered":"https:\/\/dobbymunich.spdns.de:8888\/wordpress\/?page_id=36"},"modified":"2016-09-10T23:48:53","modified_gmt":"2016-09-10T16:48:53","slug":"usa","status":"publish","type":"page","link":"https:\/\/scientistsontour.de\/?page_id=36","title":{"rendered":"USA"},"content":{"rendered":"<ul class=\"lcp_catlist\" id=\"lcp_instance_0\"><li><a href=\"https:\/\/scientistsontour.de\/?p=673\">325 \u2013 die Zusammenfassung einer Reise um die Welt<\/a><div class=\"lcp_excerpt\">Nun sitzen wir hier am Flughafen von Halifax und schlagen uns die letzten 2 Stunden unserer Reise um die Ohren. Ein ziemlich komisches Gef\u00fchl, wenn man bedenkt dass wir die letzten 325 Tage nirgends l\u00e4nger als 7 Tage am St\u00fcck verbracht hatten und nun sollen wir zur\u00fcck in einen geregelten deutschen Alltag. Denn eines hat ...<\/div><\/li><li><a href=\"https:\/\/scientistsontour.de\/?p=662\">New London &#038; Montreal &#8211;  eine ungarische Nacht in einer Highschool und ein Pariser Wiedersehen<\/a><div class=\"lcp_excerpt\">Wir wollten ja nun von Boston nach Kanada, doch das stellte sich als schwieriger heraus als gedacht. Der urspr\u00fcngliche Plan sah vor direkt zu den Niagaraf\u00e4llen und Toronto zu bussen, doch leider gab es keine direkten Busse von Boston in diese Richtung und so h\u00e4tten wir \u00fcber New York fahren m\u00fcssen und damit ca. 16 ...<\/div><\/li><li><a href=\"https:\/\/scientistsontour.de\/?p=659\">Boston \u2013 Busy Busy Busy (oder so \u00e4hnlich)<\/a><div class=\"lcp_excerpt\">So schwer die Hostsuche in New York auch war, so einfach war sie in Boston. Wir hatten n\u00e4mlich in Paris mit Nathan einen waschechten New Englander kennengelernt, welcher uns schon vor einem Jahr in M\u00fcnchen angeboten hatte ihn zu besuchen. Ende M\u00e4rz haben wir daher die Busse f\u00fcr die Ostk\u00fcste so gebucht, dass wir ihn ...<\/div><\/li><li><a href=\"https:\/\/scientistsontour.de\/?p=657\">New York City \u2013 eine Woche voller Verr\u00fccktheiten<\/a><div class=\"lcp_excerpt\">F\u00fcr die Geschichte New York m\u00fcssen wir ein wenig weiter ausholen, vor allem was die Suche nach einem Host anging. Nicht \u00fcberraschend ist August nat\u00fcrlich Hauptreisezeit nach New York (oder f\u00fcr New Yorker aus New York heraus, je nachdem auf welcher Seite man steht) und dementsprechend verlief die Suche nach einem Host \u00fcber Couchsurfing auch ...<\/div><\/li><li><a href=\"https:\/\/scientistsontour.de\/?p=651\">Washington D.C. &#8211; Ein laaanger Flug zur\u00fcck in europ\u00e4ische Verh\u00e4ltnisse<\/a><div class=\"lcp_excerpt\">Was macht man als Backpacker nicht alles um ein wenig Geld zu sparen\u2026 Ok das ist jetzt vielleicht ein bisschen zu philosophisch ausgedr\u00fcckt, trifft den Kern der Sache aber ziemlich gut. Wir hatten uns ja schon l\u00e4nger damit besch\u00e4ftigt unsere geplante Autofahrt von West nach Ost abzublasen und stattdessen zu fliegen, um uns zwei Wochen ...<\/div><\/li><li><a href=\"https:\/\/scientistsontour.de\/?p=643\">San Diego \u2013 Ein Haus, ein Hund und viele Str\u00e4nde<\/a><div class=\"lcp_excerpt\">Nachdem der ziemlich asslige Greyhound Bus uns gegen Mittag ziemlich in der Stadtmitte San Diegos abgeliefert hatte, wollten wir uns erst einmal einen groben \u00dcberblick \u00fcber San Diego verschaffen. Daher wollten wir unser Gep\u00e4ck irgendwo unterbringen und f\u00fcr alle Reisende unter euch, kommt jetzt der ultimative Tipp: wir gingen einfach zu einem der gr\u00f6\u00dferen und ...<\/div><\/li><li><a href=\"https:\/\/scientistsontour.de\/?p=635\">Eine kleine Abschiedstour in San Francisco und Los Angeles<\/a><div class=\"lcp_excerpt\">Zur\u00fcck bei Judy war erstmal ein wenig relaxen angesagt und abends besorgten wir uns wieder die wohl beste Pizza San Franciscos von Zachary\u2019s (Chicago Style). Da wir von San Francisco ja schon das meiste gesehen hatten und leider keine Tickets mehr f\u00fcr Alcatraz bekommen hatten (diese waren aufgrund der Hochsaison bereits Wochen im Voraus ausgebucht), ...<\/div><\/li><li><a href=\"https:\/\/scientistsontour.de\/?p=633\">Crater Lake und Lassen Volcanic NP: Ein bisschen Geologie und ein australisches Wiedersehen<\/a><div class=\"lcp_excerpt\">Nach einer doch etwas l\u00e4ngeren Fahrt als eigentlich gedacht (rund 6 Stunden) kamen wir erst am sp\u00e4ten Abend am Nordeingang des Crater Lake NP an. Wir versuchten unser Gl\u00fcck an einem Campingplatz in dem Nationalpark-umgebenden National Forrest und konnten ein Pl\u00e4tzchen an einem See ergattern. Bei fast 3.000m \u00fcber dem Meeresspiegel war es nat\u00fcrlich zu ...<\/div><\/li><li><a href=\"https:\/\/scientistsontour.de\/?p=628\">Seattle \u2013 auf den Spuren von Bill Gates und Marihuana<\/a><div class=\"lcp_excerpt\">Nachdem wir das (nochmal Entschuldigung, der Typ war einfach so unglaublich wichtigtuerisch) Arschloch an der Grenze hinter uns gelassen hatten, waren wir also wieder in den Vereinigten Staaten. Die Stadt Seattle ist vor allem f\u00fcr Musik, die Legalisierung von Marihuana und dem Hauptstandort von Microsoft bekannt. Hier hatten wir mit Emily und Matthew (beide Ende ...<\/div><\/li><li><a href=\"https:\/\/scientistsontour.de\/?p=622\">Glacier NP und der 4. Juli in einer Kleinstadt<\/a><div class=\"lcp_excerpt\">Von Yellowstone fuhren wir also in Richtung Glacier Nationalpark, genauer gesagt nach Kalispell wo wir mit Lance und Shelley Jo einen Host f\u00fcr die n\u00e4chsten 2 N\u00e4chte gefunden hatten. Nach schlappen sechs Stunden Fahrt mit einem kleinen Zwischenstopp in einer Kleinstadt mit einem netten Park am Fluss und am Garten der 1000 Buddhas, kamen wir ...<\/div><\/li><li><a href=\"https:\/\/scientistsontour.de\/?p=620\">Grand Teton and Yellowstone: Vorsicht B\u00e4ren<\/a><div class=\"lcp_excerpt\">F\u00fcr unsere Zeit in Grand Teton und Yellowstone NP hatten wir einen Couchsurfer namens Bruce gefunden. Als wir ankamen (es war endlich k\u00e4lter, nur noch um die 30\u00b0C, da wir h\u00f6her waren), schien niemand da zu sein, bis er schlie\u00dflich die T\u00fcr \u00f6ffnete und wohl gerade auf dem Weg nochmal zur Arbeit war. Bruce ist ...<\/div><\/li><li><a href=\"https:\/\/scientistsontour.de\/?p=616\">Salt Lake City oder eher, Mormon City?<\/a><div class=\"lcp_excerpt\">Wie wir ja mittlerweile wissen, ist Utah der gr\u00f6\u00dfte Lebensraum f\u00fcr Anh\u00e4nger der Mormonischen Kirche und Salt Lake City als dessen Hauptstadt erf\u00fcllt selbiges auch f\u00fcr die Kirche. Das Stadtzentrum ist gepr\u00e4gt durch den Temple Square mit einem riesigen Konzertsaal, einem (f\u00fcr die \u00d6ffentlichkeit nicht zug\u00e4nglichen) Tempel f\u00fcr Hochzeiten (wir sahen 2 Br\u00e4ute innerhalb von ...<\/div><\/li><li><a href=\"https:\/\/scientistsontour.de\/?p=614\">Moab: ein kleines Dorf zwischen zwei Nationalparks<\/a><div class=\"lcp_excerpt\">Ja genau es ging zur\u00fcck nach Utah, dem Staat voller Nationalparks. Wir hatten ja erst 2 davon gesehen, zwei weitere sollten folgen. Der eigentliche Grund dieser 7-st\u00fcndigen Fahrt von Vegas war der Arches Nationalpark (der \u00fcbrigens unglaublich sch\u00f6n ist, es wird also nicht langweilig beim Fahren), aber da dieser am besten von Moab zug\u00e4nglich ist, ...<\/div><\/li><li><a href=\"https:\/\/scientistsontour.de\/?p=612\">Las Vegas \u2013 der lang erwartete 30te Geburtstag in der Stadt der S\u00fcnde<\/a><div class=\"lcp_excerpt\">Nach der diesmal recht kurzen 2,5 st\u00fcndigen Fahrt kamen wir am ber\u00fchmt-ber\u00fcchtigten Las Vegas Boulevard alias \u201eThe Strip\u201c an. Das Ziel dieser Party-\/Gl\u00fcckspiel-\/Entertainment-\/Luxus-Meile ist es s\u00e4mtliche Erwartungen zu erf\u00fcllen. Welche auch immer das f\u00fcr einen pers\u00f6nlich sein k\u00f6nnten. Es gibt hier tats\u00e4chlich alles was man sich nur vorstellen kann. Luxushotels (welche tats\u00e4chlich gar nicht mal ...<\/div><\/li><li><a href=\"https:\/\/scientistsontour.de\/?p=610\">Ab nach Utah, der Staat der Nationalparks<\/a><div class=\"lcp_excerpt\">Nach der Verabschiedung von Marc und Rachel ging es weiter entlang des North Rims des Grand Canyon und \u00fcber den Glen Canyon Dam (den h\u00f6chsten Damm Amerikas) zu unserem n\u00e4chsten Ziel, den Bryce Canyon Nationalpark. Hier wollten wir einen guten halben Tag verbringen. Zuerst nahmen wir die Scenic Route, fuhren also eine Stra\u00dfe entlang und ...<\/div><\/li><li><a href=\"https:\/\/scientistsontour.de\/?p=607\">North Arizona: Das vielleicht am meisten beeindruckende, was wir je gesehen haben und ein Bad im \u201eLittle Canyon\u201c<\/a><div class=\"lcp_excerpt\">Marc (44) und Rachel (29) waren unsere Hosts f\u00fcr die Zeit in Arizona und wir h\u00e4tten es mal wieder nicht besser erwischen k\u00f6nnen. Da sie zu unserer geplanten Ankunft nicht zu Hause waren, lie\u00dfen sie einfach die T\u00fcr f\u00fcr uns offen, weshalb wir es uns erstmal in einem der beiden zur Auswahl stehenden G\u00e4stezimmer gem\u00fctlich ...<\/div><\/li><li><a href=\"https:\/\/scientistsontour.de\/?p=603\">Der angeblich sch\u00f6nste Nationalpark der Welt, das Tal des Todes und drei Staaten an einem Tag<\/a><div class=\"lcp_excerpt\">Von Orinda fuhren wir direkt Richtung Yosemite Nationalpark. Es wohl einer der ber\u00fchmtesten (und auch einer der 3 \u00e4ltesten) Nationalparks der Welt. Und das hat durchaus seinen Grund, wie ihr in den Bildern sehen werdet. Allerdings verlangen 4 Mio. Touristen im Jahr durchaus ein gewisses Opfer und so \u00e4hnelt der beliebteste Teil, das Yosemite Valley, ...<\/div><\/li><li><a href=\"https:\/\/scientistsontour.de\/?p=596\">San Francisco \u2013 Gekommen um zu bleiben?<\/a><div class=\"lcp_excerpt\">Wenn man sich \u00fcber San Francisco informiert, wird man von positiven Rezessionen quasi \u00fcbersch\u00fcttet, dass uns die Stadt aber tats\u00e4chlich so in ihren Bann zieht h\u00e4tten wir in dieser Weise nicht gedacht. Aber der Reihe nach\u2026\nWir kamen deutlich nach Sonnenuntergang bei Judy zu Hause an, welche uns f\u00fcr unsere Zeit in San Francisco beherbergen wollte. ...<\/div><\/li><li><a href=\"https:\/\/scientistsontour.de\/?p=593\">Santa Barbara \u2013 zwei Hosts in einer spanischen Kleinstadt<\/a><div class=\"lcp_excerpt\">Wie spanische Kleinstadt, wir sind doch in den USA? Dachten wir uns zwar auch, aber es ergibt einen Sinn (Vorsicht, wir holen mal wieder die Klugschei\u00dferkeule raus, haben wir aber ja auch schon l\u00e4nger nicht mehr gemacht, oder?). Zum einen ist Kalifornien ein sehr beliebter Ort f\u00fcr mexikanische Einwanderer (welche ja bekanntlich fr\u00fcher Mal Bekanntschaft ...<\/div><\/li><li><a href=\"https:\/\/scientistsontour.de\/?p=591\">Los Angeles \u2013 ein etwas versp\u00e4teter Start<\/a><div class=\"lcp_excerpt\">Mit 36 (!!!) Stunden Versp\u00e4tung landeten wir also in der Stad der Engel im Land der unbegrenzten M\u00f6glichkeiten. Die Versp\u00e4tung hatte nun zur Folge, dass wir nicht wie gedacht mittags, sondern Mitternacht landeten. Das bescherte uns zwar einen grandiosen Landeanflug \u00fcber einem Lichtermeer, allerdings konnten wir kaum erwarten zu dieser Uhrzeit noch am Flughafen abgeholt ...<\/div><\/li><\/ul>\n","protected":false},"excerpt":{"rendered":"<p>Leider ist der Eintrag nur auf English verf\u00fcgbar.<\/p>\n","protected":false},"author":2,"featured_media":0,"parent":689,"menu_order":5,"comment_status":"open","ping_status":"closed","template":"","meta":{"jetpack_post_was_ever_published":false},"_links":{"self":[{"href":"https:\/\/scientistsontour.de\/index.php?rest_route=\/wp\/v2\/pages\/36"}],"collection":[{"href":"https:\/\/scientistsontour.de\/index.php?rest_route=\/wp\/v2\/pages"}],"about":[{"href":"https:\/\/scientistsontour.de\/index.php?rest_route=\/wp\/v2\/types\/page"}],"author":[{"embeddable":true,"href":"https:\/\/scientistsontour.de\/index.php?rest_route=\/wp\/v2\/users\/2"}],"replies":[{"embeddable":true,"href":"https:\/\/scientistsontour.de\/index.php?rest_route=%2Fwp%2Fv2%2Fcomments&post=36"}],"version-history":[{"count":7,"href":"https:\/\/scientistsontour.de\/index.php?rest_route=\/wp\/v2\/pages\/36\/revisions"}],"predecessor-version":[{"id":641,"href":"https:\/\/scientistsontour.de\/index.php?rest_route=\/wp\/v2\/pages\/36\/revisions\/641"}],"up":[{"embeddable":true,"href":"https:\/\/scientistsontour.de\/index.php?rest_route=\/wp\/v2\/pages\/689"}],"wp:attachment":[{"href":"https:\/\/scientistsontour.de\/index.php?rest_route=%2Fwp%2Fv2%2Fmedia&parent=36"}],"curies":[{"name":"wp","href":"https:\/\/api.w.org\/{rel}","templated":true}]}}