{"id":31,"date":"2014-08-06T04:18:34","date_gmt":"2014-08-05T21:18:34","guid":{"rendered":"https:\/\/dobbymunich.spdns.de:8888\/wordpress\/?page_id=31"},"modified":"2016-09-10T23:48:30","modified_gmt":"2016-09-10T16:48:30","slug":"new-zealand","status":"publish","type":"page","link":"https:\/\/scientistsontour.de\/?page_id=31","title":{"rendered":"Neuseeland"},"content":{"rendered":"<ul class=\"lcp_catlist\" id=\"lcp_instance_0\"><li><a href=\"https:\/\/scientistsontour.de\/?p=673\">325 \u2013 die Zusammenfassung einer Reise um die Welt<\/a><div class=\"lcp_excerpt\">Nun sitzen wir hier am Flughafen von Halifax und schlagen uns die letzten 2 Stunden unserer Reise um die Ohren. Ein ziemlich komisches Gef\u00fchl, wenn man bedenkt dass wir die letzten 325 Tage nirgends l\u00e4nger als 7 Tage am St\u00fcck verbracht hatten und nun sollen wir zur\u00fcck in einen geregelten deutschen Alltag. Denn eines hat ...<\/div><\/li><li><a href=\"https:\/\/scientistsontour.de\/?p=545\">Neuseeland Zusammenfassung<\/a><div class=\"lcp_excerpt\">Hier am Strand auf einer von Fijis unz\u00e4hligen Inseln, l\u00e4sst es sich doch recht sch\u00f6n mal nochmal auf Neuseeland zur\u00fcckblicken um nochmal alles Wichtige in einem kleinen Beitrag zusammenzufassen:\n\nNeuseeland, die Insel mit den immergr\u00fcnen H\u00fcgeln\nDieses \u201eVorurteil\u201c l\u00e4sst sich leider nicht best\u00e4tigen. Vor allem die S\u00fcdinsel war in dieser Hinsicht teils doch recht entt\u00e4uschend (wobei sie ...<\/div><\/li><li><a href=\"https:\/\/scientistsontour.de\/?p=543\">Auckland: Ein dreifaches Widersehen und die Sache mit dem Karma\u2026<\/a><div class=\"lcp_excerpt\">Bei der Suche nach einem Host in Auckland hatten wir leider nicht allzu viel Gl\u00fcck, vor allem da wir uns haupts\u00e4chlich nach Couchsurfern und HelpX Hosts mit nur 2 Stunden Arbeit umsahen. Das war leider nicht sonderlich erfolgreich, bis wir von Damika angeschrieben wurden, welche uns gerne zu sich einladen wollte, um bei ihr zu ...<\/div><\/li><li><a href=\"https:\/\/scientistsontour.de\/?p=538\">Whangarei: Tolle Str\u00e4nde und eine lustige WG<\/a><div class=\"lcp_excerpt\">Im Haus von Jamie angekommen, lernten wir erstmal seine 4 Mitbewohner(innen) kennen. Alle waren sofort super freundlich und wir wurden von Jamie direkt eingeladen mit einigen Freunden von ihm in die Stadt in eine Bar zu gehen, was wir nat\u00fcrlich annahmen! \ud83d\ude42 Wirklich nennenswert ist das Nachtleben in Whangarei zwar nicht, aber es gab uns ...<\/div><\/li><li><a href=\"https:\/\/scientistsontour.de\/?p=535\">Kerikeri: 3 Kinder, unz\u00e4hlige Enkel, 26 Urenkel und der erste Ururenkel<\/a><div class=\"lcp_excerpt\">Auf dem Weg von Coromandel nach Kerikeri legten wir einen Stopp in Auckland ein, um Werbezettel f\u00fcr unser Auto in einigen der Hostels in der Stadt aufzuh\u00e4ngen, denn so langsam wurde es ja nun doch Zeit das Teil wieder loszuwerden. Nachdem das gekl\u00e4rt war, fuhren wir weiter nach Kerikeri um \u2013 bereits nach Sonnenuntergang am ...<\/div><\/li><li><a href=\"https:\/\/scientistsontour.de\/?p=533\">Coromandel \u2013 Eine komplett neue Erfahrung\u2026<\/a><div class=\"lcp_excerpt\">Coromandel ist eine vielleicht 70km lange Halbinsel auf der H\u00f6he von Auckland und ist f\u00fcr ihre sch\u00f6nen Str\u00e4nde sowie zwei Besonderheiten, dem Hot Water Beach (Erkl\u00e4rung folgt sp\u00e4ter) und der Cathedral Cove bekannt. Uns wird sie vermutlich haupts\u00e4chlich wegen Anthony unserem HelpX Host in Erinnerung bleiben, aber langsam und der Reihe nach\u2026\nEigentlich hatten wir eine ...<\/div><\/li><li><a href=\"https:\/\/scientistsontour.de\/?p=528\">Rotorua \u2013 danger, thermal area<\/a><div class=\"lcp_excerpt\">Voller Freude endlich unseren Host in Taupo verlassen zu k\u00f6nnen, aber auch ein bisschen traurig sich von Lisa zu verabschieden, machten wir uns auf den Weg nach Rotorua, der Stadt, welche in einer h\u00f6chst aktiven geothermalen Region liegt (welche umgangssprachlich \u201eThe Ring of Fire\u201c genannt wird. Sie liegt n\u00e4mlich direkt zwischen der pazifischen und australischen ...<\/div><\/li><li><a href=\"https:\/\/scientistsontour.de\/?p=526\">Taupo: 5 Tage voller Extreme<\/a><div class=\"lcp_excerpt\">Lake Taupo ist der gr\u00f6\u00dfte See Neuseelands. In Taupo ist der erste kommerzielle Skydiving Anbieter Neuseelands. In Taupo gibt es den h\u00f6chsten Bungy-Jump Neuseelands. Taupo hat hei\u00dfe vulkanische Quellen, ist Drehort einer der wohl besten Szene aus \u201eDer Hobbit\u201c und ist nur einige km vom Tongariro National Park entfernt. Leider m\u00fcssen wir hier neben all ...<\/div><\/li><li><a href=\"https:\/\/scientistsontour.de\/?p=524\">Taranaki: Eine Geschichte \u00fcber aktive Vulkane und die Milchproduktion am anderen Ende der Welt.<\/a><div class=\"lcp_excerpt\">Angekommen in Stratford, dem Heimatort von Chris unserem n\u00e4chsten couchsurfing Host informierten wir uns zuallererst \u00fcber m\u00f6gliche Wanderwege. Das Highlight von Stratford ist n\u00e4mlich der dort angrenzende Mt. Taranaki (bzw. im Mt Egmont wie die Einheimischen ihn nennen) im Taranaki Nationalpark. Der Berg ist mit knapp 2600m der gr\u00f6\u00dfte einer Reihe von aneinanderlegenden Vulkanen, von ...<\/div><\/li><li><a href=\"https:\/\/scientistsontour.de\/?p=522\">Wanganui &#8211; ein ganzes Haus f\u00fcr uns allein<\/a><div class=\"lcp_excerpt\">Nach dem schmerzhaften Abschied von Claire machten wir uns auf den Weg zu unserem n\u00e4chsten Stopp in unserer Reise, Wanganui. Auf dem Weg dorthin machten wir noch ein paar kurze Stopps an Str\u00e4nden entlang der K\u00fcste und am Queen-Charlotte Park. Das Highlight sollte eigentlich ein Strand mit schwarzen Sand sein, dieser entpuppte sich aber eher ...<\/div><\/li><li><a href=\"https:\/\/scientistsontour.de\/?p=517\">Wellington &#8211; eine Stadt und eine Gastgeberin zum liebhaben<\/a><div class=\"lcp_excerpt\">Auf der F\u00e4hre hatten wir uns schon \u00fcber die Highlights von Wellington informiert und dementsprechend fuhren wir nachdem wir (endlich) von der F\u00e4hre runter waren direkt zu Claire. Wie bereits im letzten Eintrag erw\u00e4hnt, waren wir doch recht gespannt auf Grund der ungewohnten Situation, aber diese l\u00f6ste sich innerhalb der ersten Minuten mit Claire sofort ...<\/div><\/li><li><a href=\"https:\/\/scientistsontour.de\/?p=515\">Die letzten Tage auf der S\u00fcdinsel<\/a><div class=\"lcp_excerpt\">Nach unserer R\u00fcckkehr von Abel Tasman war unser Plan noch weitere f\u00fcnf Tage an der Nordk\u00fcste zu verbringen, um noch einige der Str\u00e4nde (Kaiteriteri\u2026) zu sehen, den Pelorus Sound zu besichtigen und uns den Queen Charlotte Track anzuschauen, um dann schlussendlich die F\u00e4hre nach Wellington zu nehmen. Au\u00dferdem wollten wir noch versuchen unser Auto zu ...<\/div><\/li><li><a href=\"https:\/\/scientistsontour.de\/?p=497\">Golden Bay und Abel Tasman<\/a><div class=\"lcp_excerpt\">Eine Packung Cracker und einen verr\u00fcckten Gebirgspass sp\u00e4ter waren wir quasi wieder an der Westk\u00fcste, \u00fcbrigens nur ca. 100km Luftlinie vom Oparara Bassin entfernt, an der westlichen Nordk\u00fcste der S\u00fcdinsel (wann kann man schon mal 3 Himmelsrichtungen in 4 Worte verpacken \ud83d\ude42 ) genannt Golden Bay.\nDie gr\u00f6\u00dften Highlights hier sind der Wharariki Beach und der ...<\/div><\/li><li><a href=\"https:\/\/scientistsontour.de\/?p=495\">Nelson Klappe die Erste<\/a><div class=\"lcp_excerpt\">Angekommen bei Sue in Nelson unserem n\u00e4chsten Host legten wir erstmal ein wenig die Beine nach oben. Denn wir hatten ein wenig Zeit und ein nur sehr entspanntes Programm. Wir wollten den Abel Tasman Coastal Track, Golden Bay (beides ca. 2 Stunden nordwestlich) sowie die umgrenzenden Str\u00e4nde und die Sounds um Picton sehen, bevor wir ...<\/div><\/li><li><a href=\"https:\/\/scientistsontour.de\/?p=493\">Von Hokitika zur\u00fcck zur Ostk\u00fcste<\/a><div class=\"lcp_excerpt\">F\u00fcr die Route von Hokitika nach Nelson hatten wir zwei gr\u00f6\u00dfere Stopps geplant. Der erste im Kahurangi National Park, welcher f\u00fcr seinen unber\u00fchrten Regenwald und das Oparara Bassin ber\u00fchmt ist, sowie Kaikoura an der Ostk\u00fcste.\nVon Hokitika ging es dementsprechend zuerst nach Norden entlang der Westk\u00fcste mit drei kleinen Zwischenstopps und zwar an den Pancake Rocks ...<\/div><\/li><li><a href=\"https:\/\/scientistsontour.de\/?p=482\">Hokitika \u2013 aus Sightseeing wurde ein Familienurlaub<\/a><div class=\"lcp_excerpt\">Als wir in Hokitika ankamen war die D\u00e4mmerung schon eingebrochen und da unser Navi ein paar Probleme mit der Adresse hatte, dauerte die Suche nach unserer Unterkunft ein wenig l\u00e4nger. Nachdem wir endlich die Hausnummer gefunden hatten und an der T\u00fcre des wundersch\u00f6nen Hauses klopften und nichts geschah, wollten wir uns schon auf den R\u00fcckweg ...<\/div><\/li><li><a href=\"https:\/\/scientistsontour.de\/?p=471\">Der Copland Track: 7 Stunden wandern f\u00fcr 30 Minuten in hei\u00dfen Quellen<\/a><div class=\"lcp_excerpt\">Der Copland Track wurde uns von Irene und Pier (wir erinnern uns, die beiden Italiener, mit denen wir Weihnachten in Sydney verbracht haben) w\u00e4rmstens ans Herz gelegt. Nach einer 7-st\u00fcndigen Wanderung erreicht man eine H\u00fctte, bei welcher sich nat\u00fcrliche hei\u00dfe Quellen befinden. Das h\u00f6rte sich f\u00fcr uns ziemlich vielversprechend an und deshalb wollten wir unsere ...<\/div><\/li><li><a href=\"https:\/\/scientistsontour.de\/?p=469\">Neuseelands Gletscher: Die traurige Wahrheit der globalen Erw\u00e4rmung<\/a><div class=\"lcp_excerpt\">Gegen sp\u00e4ten Nachmittag kamen wir also bei besagtem Motel in Fox Glacier Township an. Township ist ein relativ seltsamer Begriff f\u00fcr das, was wir dort vorfanden. Diese \u201eStadt\u201c besteht zu mindestens 50% aus Motels, Hotels, Hostels und Anbietern f\u00fcr Gletscher Rundfl\u00fcge, aber gut, viel mehr gibt es hier ja auch nicht zu sehen. Wir wurden ...<\/div><\/li><li><a href=\"https:\/\/scientistsontour.de\/?p=467\">Milford Sound, Kepler Track und auf zur Westk\u00fcste<\/a><div class=\"lcp_excerpt\">Zwischen Queenstown und Milford Sound liegt das kleine St\u00e4dtchen Te Anau, welches au\u00dferdem der Ausgangspunkt f\u00fcr einen weiteren Great Walk, dem Kepler Track ist und am Lake Manapouri entlang f\u00fchrt. Auch hier bew\u00e4ltigten wir wieder einen kleinen Teil des Weges, um den See von Nahem betrachten zu k\u00f6nnen. Das Sch\u00f6ne an diesen Wanderungen ist, dass ...<\/div><\/li><li><a href=\"https:\/\/scientistsontour.de\/?p=464\">Arrowtown: Auf der Spur von Gold, Orks und Chutney<\/a><div class=\"lcp_excerpt\">Nach nur ca. 2 Stunden Fahrt waren wir dann auch schon in Queenstown angekommen und es best\u00e4tigte sich sofort was wir vorher vom H\u00f6rensagen mitbekommen hatten. Ein unglaublich sch\u00f6ner Fleck direkt am Lake Wakatipu, aber leider voll von Touristen. Voll ist eigentlich gar kein Ausdruck, denn es dr\u00e4ngeln sich 2 Mio. Besucher pro Jahr (ca. ...<\/div><\/li><li><a href=\"https:\/\/scientistsontour.de\/?p=462\">Invercargill: Die Catlins und ein verr\u00fcckter Freitag der 13.<\/a><div class=\"lcp_excerpt\">Obwohl es mit ca. 15 Uhr schon relativ sp\u00e4t war (oder gerade deswegen) kamen wir ziemlich flott voran. Ein erster Fahrer brachte uns ein St\u00fcckchen aus der Stadt um einen besseren Platz zum Trampen zu haben. Den zweiten Lift bekamen wir dann auch recht schnell. Diesmal eine Frau, die uns schon an unserem ersten Platz ...<\/div><\/li><li><a href=\"https:\/\/scientistsontour.de\/?p=453\">Dunedin<\/a><div class=\"lcp_excerpt\">Von den Moeraki Boulders fanden wir dann auch relativ flott eine Mitfahrgelegenheit nach Dunedin, diesmal ein deutsches P\u00e4rchen aus Stuttgart, die sich f\u00fcr drei Wochen Neuseeland anschauen. Sie fuhren uns dann auch mitten in die Stadt und nachdem das Trampen mal wieder so gut geklappt hatte, waren wir ca. 3 Stunden vor dem vereinbarten Treffen ...<\/div><\/li><li><a href=\"https:\/\/scientistsontour.de\/?p=460\">Ein Pinguinstop in Oamaru<\/a><div class=\"lcp_excerpt\">Da standen wir nun wieder an der Stra\u00dfe und warteten, dass sich jemand erbarmte uns mitzunehmen. Unser erster Lift brachte uns bis Omarama. Der zweite war ein Kiwi, der f\u00fcr uns w\u00e4hrend der Fahrt mehrere Stopps machte und anscheinend Spa\u00df hatte unserer Touristenf\u00fchrer zu sein. Dadurch konnten wir noch den gr\u00f6\u00dften Erddamm der s\u00fcdlichen Hemisph\u00e4re ...<\/div><\/li><li><a href=\"https:\/\/scientistsontour.de\/?p=451\">Twizel \u2013 mit zwei Ungarn auf Smaugs Spuren<\/a><div class=\"lcp_excerpt\">F\u00fcr Twizel hatten wir eine HelpX Zusage bekommen, und zwar auf einem Campingplatz. Besonders viele Infos bekamen wir im Vorhinein nicht gerade, au\u00dfer, dass wir in einem Campervan schlafen durften und wir erst Montagmorgen anfangen mussten zu arbeiten (da die beiden Chefs \u00fcbers Wochenende nicht da waren), obwohl wir bereits Samstagabend ankamen. Nach 5 verschiedenen ...<\/div><\/li><li><a href=\"https:\/\/scientistsontour.de\/?p=448\">Christchurch \u2013 viele Parkpl\u00e4tze, nette Kiwis und 3 flauschige Wolken<\/a><div class=\"lcp_excerpt\">In Christchurch angekommen, ging es dieses Mal ziemlich schnell mit den ganzen Kontrollen, es war ja auch erst 5h in der Fr\u00fch. Nachdem wir also kontrolliert wurden, welche Nahrungsmittel wir dabei hatten und auch noch unsere Wanderschuhe vorzeigen mussten (Neuseeland ist frei von vielen Seuchen und Krankheiten und will dies auch bleiben), waren wir auch ...<\/div><\/li><\/ul>\n","protected":false},"excerpt":{"rendered":"","protected":false},"author":2,"featured_media":0,"parent":689,"menu_order":3,"comment_status":"open","ping_status":"closed","template":"","meta":{"jetpack_post_was_ever_published":false},"_links":{"self":[{"href":"https:\/\/scientistsontour.de\/index.php?rest_route=\/wp\/v2\/pages\/31"}],"collection":[{"href":"https:\/\/scientistsontour.de\/index.php?rest_route=\/wp\/v2\/pages"}],"about":[{"href":"https:\/\/scientistsontour.de\/index.php?rest_route=\/wp\/v2\/types\/page"}],"author":[{"embeddable":true,"href":"https:\/\/scientistsontour.de\/index.php?rest_route=\/wp\/v2\/users\/2"}],"replies":[{"embeddable":true,"href":"https:\/\/scientistsontour.de\/index.php?rest_route=%2Fwp%2Fv2%2Fcomments&post=31"}],"version-history":[{"count":5,"href":"https:\/\/scientistsontour.de\/index.php?rest_route=\/wp\/v2\/pages\/31\/revisions"}],"predecessor-version":[{"id":485,"href":"https:\/\/scientistsontour.de\/index.php?rest_route=\/wp\/v2\/pages\/31\/revisions\/485"}],"up":[{"embeddable":true,"href":"https:\/\/scientistsontour.de\/index.php?rest_route=\/wp\/v2\/pages\/689"}],"wp:attachment":[{"href":"https:\/\/scientistsontour.de\/index.php?rest_route=%2Fwp%2Fv2%2Fmedia&parent=31"}],"curies":[{"name":"wp","href":"https:\/\/api.w.org\/{rel}","templated":true}]}}