{"id":29,"date":"2014-08-05T16:17:57","date_gmt":"2014-08-05T09:17:57","guid":{"rendered":"https:\/\/dobbymunich.spdns.de:8888\/wordpress\/?page_id=29"},"modified":"2016-09-10T23:48:07","modified_gmt":"2016-09-10T16:48:07","slug":"australia","status":"publish","type":"page","link":"https:\/\/scientistsontour.de\/?page_id=29","title":{"rendered":"Australien"},"content":{"rendered":"<ul class=\"lcp_catlist\" id=\"lcp_instance_0\"><li><a href=\"https:\/\/scientistsontour.de\/?p=673\">325 \u2013 die Zusammenfassung einer Reise um die Welt<\/a><div class=\"lcp_excerpt\">Nun sitzen wir hier am Flughafen von Halifax und schlagen uns die letzten 2 Stunden unserer Reise um die Ohren. Ein ziemlich komisches Gef\u00fchl, wenn man bedenkt dass wir die letzten 325 Tage nirgends l\u00e4nger als 7 Tage am St\u00fcck verbracht hatten und nun sollen wir zur\u00fcck in einen geregelten deutschen Alltag. Denn eines hat ...<\/div><\/li><li><a href=\"https:\/\/scientistsontour.de\/?p=440\">Australia &#8211; eine kleine Zusammenfassung<\/a><div class=\"lcp_excerpt\">So nach 3 Stunden Flug haben wir also nach 125 Tagen Australien verlassen. Irgendwie ein komisches Gef\u00fchl, aber irgendwie f\u00fchlt sich dieser \u201ekurze\u201c Sprung nach Neuseeland eher an wie eine der Reisen durch Australien. Trotzdem ist es vielleicht mal Zeit unsere Erkenntnisse kurz zusammenzufassen, wer wei\u00df vielleicht kommt ja irgendjemand auf die Idee es uns ...<\/div><\/li><li><a href=\"https:\/\/scientistsontour.de\/?p=433\">Melbourne \u2013 Unsere indische WG und endlich eine Stadt Australiens, die ihrem Ruf gerecht wird!<\/a><div class=\"lcp_excerpt\">Nun waren wir also in Melbourne, unserem letzten Stopp in Australien, angekommen. Frisch ausgeschlafen am n\u00e4chsten Morgen quatschten wir erst mal gem\u00fctlich mit allen, wir hatten ja schlie\u00dflich keinen Stress, eine Woche um eine Stadt zu erkunden sollte doch locker reichen. Die 2 britischen Couchsurfer (einer davon Schotte mit einem echt fiesen Akzent) konnten wohl ...<\/div><\/li><li><a href=\"https:\/\/scientistsontour.de\/?p=429\">Canberra \u2013 Vier Stunden in Australiens Hauptstadt, was machen wir nur mit der ganzen Freizeit???? \u2026und eine ziemlich miese Mitfahrgelegenheit<\/a><div class=\"lcp_excerpt\">In der Fr\u00fch standen wir extra fr\u00fch auf, um einerseits fr\u00fch genug loszukommen, wir hatten ja noch 2,5 Stunden Fahrt vor uns (und das Auto musste um 10h in Canberra sein), und andererseits den Sonnenaufgang bewundern zu k\u00f6nnen. Leider war es immer noch ziemlich bew\u00f6lkt und tr\u00fcb, sodass das ins Wasser gefallen war und wir ...<\/div><\/li><li><a href=\"https:\/\/scientistsontour.de\/?p=427\">Batemans Bay<\/a><div class=\"lcp_excerpt\">In Batemans Bay ist vor allem der weiter n\u00f6rdlich gelegene Murramarang Nationalpark interessant, mit seinen drei traumhaften Str\u00e4nden (Pebbly Beach, Pretty Beach und Depot Beach) sowie einem wundersch\u00f6nen Flussausl\u00e4ufer ins Meer in North Durras. Davor besichtigten wir aber noch zwei weitere Strandorte, Bendalong und Narawallee (inkl. Mollymook). Die Str\u00e4nde hier waren zwar nicht mehr wei\u00df ...<\/div><\/li><li><a href=\"https:\/\/scientistsontour.de\/?p=425\">Jervis Bay \u2013 eine kleine Vers\u00f6hnung mit der Ostk\u00fcste<\/a><div class=\"lcp_excerpt\">Gegen Nachmittag in Jervis Bay angekommen, war fantastisches Wetter. Tobi entdeckte eine kleine Bucht mit t\u00fcrkisblauem Wasser (Currarong) am n\u00f6rdlichen Ende der Jervis Bucht. Zudem gab es dort wieder einen Rock Pool. Ein wundersch\u00f6ner Fleck! \u00dcber Nacht blieben wir in Huskisson, um am n\u00e4chsten Tag den Rest von Jervis Bay erkunden zu k\u00f6nnen. Jervis Bay ...<\/div><\/li><li><a href=\"https:\/\/scientistsontour.de\/?p=423\">Der gr\u00f6\u00dfte buddhistische Tempel der s\u00fcdlichen Hemisph\u00e4re und endlich ein Blow Hole, das seinen Namen auch verdient<\/a><div class=\"lcp_excerpt\">Um 4 Tage lang noch ein wenig K\u00fcste zwischen Sydney und Melbourne mitzunehmen, mieteten wir uns noch ein letztes Mal einen kleinen roten Flitzer. Der erste Tag ging leider gleich sehr verregnet los. Trotzdem wollten wir uns ein paar Highlights rund um Kiama nicht entgehen lassen: die Cathedral Rocks, eine Felsformation, die tats\u00e4chlich einer Kirche ...<\/div><\/li><li><a href=\"https:\/\/scientistsontour.de\/?p=420\">Blue Mountains<\/a><div class=\"lcp_excerpt\">Nun also die weltber\u00fchmten Blue Mountains\u2026 Ber\u00fchmt sind sie vermutlich haupts\u00e4chlich deswegen, weil sie so ziemlich der einzige \u201ewilde\u201c Fleck Australiens sind, der sich gem\u00fctlich mit dem Auto oder Zug von einer Gro\u00dfstadt erreichen l\u00e4sst (was sich ja irgendwie selbst widerspricht). Wie wir ja bereits im Rest des Landes festgestellt haben, ist das \u201eErleben\u201c des ...<\/div><\/li><li><a href=\"https:\/\/scientistsontour.de\/?p=416\">Sydney \u2013 Ein zweiter Versuch<\/a><div class=\"lcp_excerpt\">Steves Schwester Leanne holte uns am Bahnhof ab, begr\u00fc\u00dfte uns herzlich und bot uns gleich noch Abendessen an. Zuvor wurden wir allerdings von ihren beiden Hunden begr\u00fc\u00dft: Alex und Diesel. Der eine 4 Jahre, der andere 1 Jahr alt und dementsprechend st\u00fcrmisch. Dieses Mal waren es zwei Pitbull Terrier, zusammen waren sie super chaotisch und ...<\/div><\/li><li><a href=\"https:\/\/scientistsontour.de\/?p=413\">Newcastle<\/a><div class=\"lcp_excerpt\">Nachdem Tobi sich am Campingplatz zwei Holl\u00e4nderinnen angelacht hatte, war die Fahrt zum Highway am n\u00e4chsten Tag \u00fcberhaupt kein Problem. Die beiden wollten zwar nach Norden, doch bis zum Highway hatten wir den gleichen Weg. Wir schafften es dann auch irgendwie unser Gep\u00e4ck inklusive uns in den vorher bereits komplett vollen Wagen zu quetschen (siehe ...<\/div><\/li><li><a href=\"https:\/\/scientistsontour.de\/?p=411\">Port Macquarie<\/a><div class=\"lcp_excerpt\">Bevor wir uns auf den Weg von Coffs Harbour nach Port Macquarie begaben, mussten wir nat\u00fcrlich erst wieder ein Schild basteln. Kerstin hatte so langsam Gefallen daran gefunden \ud83d\ude42 Als wir das geschafft hatten, mussten wir nur noch irgendwie an den Highway kommen. Denn der richtige Platz beim Trampen ist entscheidend, das haben wir nun ...<\/div><\/li><li><a href=\"https:\/\/scientistsontour.de\/?p=408\">Coffs Harbour<\/a><div class=\"lcp_excerpt\">Heute sollte es also ca. 400km von Byron Bay nach Coffs Harbour gehen. Nachdem es quasi die komplette Nacht durchgeregnet und auch in das Zelt geregnet hatte, so dass in der Fr\u00fch ein kleiner See in unserem Zelt war (es war eben doch nur ein 32$ Zelt), mussten wir zuerst unser Zelt in einen transportf\u00e4higen ...<\/div><\/li><li><a href=\"https:\/\/scientistsontour.de\/?p=402\">Gold Coast<\/a><div class=\"lcp_excerpt\">Wieder in Brizzy \u2013 australisch f\u00fcr Brisbane \u2013 angekommen, setzten wir uns gleich in den Zug zur weltber\u00fchmten Gold Coast. Dort hatten wir einen Couchsurfer f\u00fcr 5 Tage gefunden: Joshua. Er ist in unserem Alter und trainiert gerade f\u00fcr seinen ersten Marathon, den er im Mai in der N\u00e4he von L.A. antreten wird. Leider genau ...<\/div><\/li><li><a href=\"https:\/\/scientistsontour.de\/?p=400\">Ab in den Norden Australiens \u2013 Tag 13-15: Noosa und ein Strand in allen Regenbogenfarben<\/a><div class=\"lcp_excerpt\">Auf dem Weg nach Noosa legten wir noch einen Zwischenstopp im Great Sandy National Park ein, dessen Hauptattraktion der Rainbow Beach ist. Helen und Myra von Fraser Island meinten, dass wir dort unbedingt hinm\u00fcssen, es g\u00e4be tats\u00e4chlich Sand in vielen verschiedenen Farben. Gesagt, getan. Der eigentliche Badestrand, an dem wir nat\u00fcrlich einen Badestopp eingelegt haben, ...<\/div><\/li><li><a href=\"https:\/\/scientistsontour.de\/?p=393\">Ab in den Norden Australiens \u2013 Tag 11-13: Jetzt doch noch nach Fraser Island aber mit einem recht ungew\u00f6hnlichen Tour-Programm<\/a><div class=\"lcp_excerpt\">Bevor wir in Hervey Bay ankamen (bei unserem n\u00e4chsten Couchsurfer, diesmal ein Deutscher Auswanderer Namens Axel), wollten wir noch den Strand in Agnes Water besuchen, da Steve diesen also den Besten in der n\u00e4heren Umgebung um Gladstone beschrieben hatte. Dieser ist tats\u00e4chlich ziemlich sch\u00f6n und nicht \u00fcberm\u00e4\u00dfig \u00fcberlaufen, weshalb wir dort ein paar Stunden verbrachten. ...<\/div><\/li><li><a href=\"https:\/\/scientistsontour.de\/?p=391\">Ab in den Norden Australiens \u2013 Tag 10-11: Zur\u00fcck zu Steve<\/a><div class=\"lcp_excerpt\">Von Mackay ging es dann zur\u00fcck nach Gladstone. Eigentlich hatten wir \u00fcberlegt direkt nach Hervey Bay zu fahren, aber einerseits hatten wir einen Tag Puffer und andererseits h\u00e4tte das wieder einen kompletten Tag im Auto bedeutet, weshalb wir beschlossen nochmal einen Stopp in Gladstone bei Stephen unserem Couchsurfer zu machen, der uns netterweise nochmal eine ...<\/div><\/li><li><a href=\"https:\/\/scientistsontour.de\/?p=388\">Ab in den Norden Australiens \u2013 Tag 8-10: Wet-T-Shirt-Contest in Mackay und ein traumhaftes Bad mitten im Regenwald<\/a><div class=\"lcp_excerpt\">F\u00fcr Mackay haben wir zwei Couchsurfer f\u00fcr jeweils eine Nacht gefunden. Die erste Nacht verbrachten wir bei Dish. Wir wissen bis jetzt nicht, ob das sein richtiger Name ist oder nicht. Auf jeden Fall ist er ein sehr l\u00e4ssiger Typ, Anfang 30 und urspr\u00fcnglich aus Los Angeles, aber schon seit 8 Jahren in Australien. Bis ...<\/div><\/li><li><a href=\"https:\/\/scientistsontour.de\/?p=385\">Ab in den Norden Australiens \u2013 Tag 6-8: Airlie Beach und die Whitsundays<\/a><div class=\"lcp_excerpt\">F\u00fcr Airlie Beach konnten wir leider keinen Couchsurfer finden, geschweige denn, dass \u00fcberhaupt einer auf unsere Anfragen geantwortet hatte, aber gut. Deshalb machten wir uns also mit unserem Auto auf die Suche nach einem Campingplatz. Als wir dazu dann durch das Stadtzentrum fahren mussten, waren wir erstmal geschockt und wollten am liebsten gleich wieder umkehren. ...<\/div><\/li><li><a href=\"https:\/\/scientistsontour.de\/?p=373\">Ab in den Norden Australiens \u2013 Tag 4-6: Die Carnarvon Gorge: Hornissen, platte Bieber und andere Hindernisse<\/a><div class=\"lcp_excerpt\">Nach einer ziemlich gem\u00fctlichen Autofahrt bis zum Eingang des Nationalparks und einer anschlie\u00dfenden Fahrt \u00fcber Stock und Stein (welche auf Grund unseres kleinen SUV diesmal sogar richtig Spa\u00df machte), kamen wir am sp\u00e4ten Nachmittag am Campingplatz vor der Schlucht an. Nach einem netten Gespr\u00e4ch mit der jungen Lady an der Rezeption war der Plan f\u00fcr ...<\/div><\/li><li><a href=\"https:\/\/scientistsontour.de\/?p=371\">Ab in den Norden Australiens \u2013 Tag 2-4: Gladstone, Steve und andere Merkw\u00fcrdigkeiten<\/a><div class=\"lcp_excerpt\">Gladstone hatten wir uns eigentlich deshalb ausgesucht, um unter Umst\u00e4nden einen Blick auf das Great-Barrier-Reef zu erhaschen. Wir wussten allerdings schon im Voraus, dass die beworbenen Touren zu teuer waren. Diese kosteten n\u00e4mlich 190$ f\u00fcr 5 Stunden Boot-Fahren und 2 Stunden auf einer Vogel-Kacke-Insel namens Lady Musgrove (Die Insel entsteht tats\u00e4chlich aus 100% Vogel-Kacke, welche ...<\/div><\/li><li><a href=\"https:\/\/scientistsontour.de\/?p=369\">Ab in den Norden Australiens \u2013 Tag 1-2: Noosa und Maryborough<\/a><div class=\"lcp_excerpt\">Der erste Tag begann nat\u00fcrlich damit, das Auto erstmal abzuholen. Einen wundersch\u00f6nen Nissan Dualis (man k\u00f6nnte fast sagen einen SUV). Wir hatten sogar einen Mitfahrer f\u00fcr den ersten Tag, einen Finnen namens Mikey. Ja richtig geh\u00f6rt, weder deutsch (gef\u00fchlt 50% der Backpacker in Australien) noch franz\u00f6sisch (gef\u00fchlte 48%), sondern finnisch, die gibt es hier scheinbar ...<\/div><\/li><li><a href=\"https:\/\/scientistsontour.de\/?p=330\">Brisbane<\/a><div class=\"lcp_excerpt\">Der \u00dcbernacht Zug war unerwarteter Weise sehr angenehm, wir konnten beide mit Unterbrechungen super schlafen. Kann man durchaus mal wieder machen. Als wir dann im Bus zu unserem AirBnb-Zimmer sa\u00dfen, wurden wir gleich mal von der Regenzeit, die ja w\u00e4hrend des Sommers in Queensland herrscht, begr\u00fc\u00dft. W\u00e4hrend des Sommers ist im Norden Australiens Regenzeit, sprich ...<\/div><\/li><li><a href=\"https:\/\/scientistsontour.de\/?p=328\">Silvester im Glenworth Valley<\/a><div class=\"lcp_excerpt\">Unsere Event-Firma, bei der wir schon das ein oder andere Mal in Perth gearbeitet haben, hat Arbeitskr\u00e4fte f\u00fcr das 3-t\u00e4gige Musik-Festival Lost Paradise im Glenworth Valley (30.12.-01.01.), ungef\u00e4hr 100km n\u00f6rdlich von Sydney, gesucht. Das wollten wir nat\u00fcrlich ausnutzen und haben uns f\u00fcr alle m\u00f6glichen Positionen beworben. Bekommen haben wir beide eine 40-st\u00fcndige Schicht als Barkeeper. ...<\/div><\/li><li><a href=\"https:\/\/scientistsontour.de\/?p=323\">Weihnachten in Sydney<\/a><div class=\"lcp_excerpt\">Nachdem wir relativ lange versucht hatten einen Couchsurfer in Sydney zu finden und damit kein Gl\u00fcck hatten (war ja schlie\u00dflich Weihnachten), buchten wir uns ein Zimmer in einer Wohnung \u00fcber AirBnb (was tats\u00e4chlich g\u00fcnstiger war als das schlechteste Hostel in Sydney). Die Wohnung war dann auch ganz gut gelegen (ca. 10 Minuten in die Stadt) ...<\/div><\/li><li><a href=\"https:\/\/scientistsontour.de\/?p=320\">Eine Nacht in Melbourne und zwei N\u00e4chte im Luxuscamper<\/a><div class=\"lcp_excerpt\">Nach der letzten Nacht im Camper (mal wieder auf einem Rastplatz neben dem Highway) hie\u00df es den Camper putzen, Sachen packen und ab nach Melbourne, um ihn zur\u00fcckzubringen. Das entpuppte sich dann als ein etwas schwieriger Prozess. Der arme Kerl der Vermietungsfirma wusste n\u00e4mlich nichts von unserer Geschichte mit dem Zylinder. Nachdem er uns zu ...<\/div><\/li><li><a href=\"https:\/\/scientistsontour.de\/?p=316\">Great Ocean Road<\/a><div class=\"lcp_excerpt\">Nach unserem Ausflug in die Grampians fuhren wir noch bis sp\u00e4t in die Nacht in Richtung Great Ocean Road (was auf Grund der ganzen nachtaktiven Tiere im Nationalpark doch ziemlich spannend war). Als wir dann endlich mitten in der Nacht einen geeigneten Schlafparkplatz gefunden hatten schliefen wir auch direkt ein. Am n\u00e4chsten Morgen erwartete uns ...<\/div><\/li><li><a href=\"https:\/\/scientistsontour.de\/?p=246\">Der Grampians Nationalpark<\/a><div class=\"lcp_excerpt\">F\u00fcr die Strecke zwischen Adelaide und der Great Ocean Road gibt es zwei Optionen. Die erste Route f\u00fchrt etwa 600km entlang der K\u00fcste, die andere f\u00fchrt zu einem gro\u00dfen Teil durch das Landesinnere und anschlie\u00dfend mitten durch den Grampians Nationalpark (\u201egramp\u201c = Opa, keine Ahnung ob das etwas damit zu tun hat \ud83d\ude09 ) in ...<\/div><\/li><li><a href=\"https:\/\/scientistsontour.de\/?p=243\">Adelaide<\/a><div class=\"lcp_excerpt\">Nach 2-t\u00e4giger Fahrt waren wir dann also abends in Adelaide angekommen und haben den Abend einfach nur damit verbracht uns am Brighton Strand s\u00fcdlich der Innenstadt von Adelaide zu erholen und den Sonnenuntergang am Campingplatzstrand zu genie\u00dfen. Endlich frisch geduscht haben wir uns dann am n\u00e4chsten Tag mit der S-Bahn auf den Weg in Richtung ...<\/div><\/li><li><a href=\"https:\/\/scientistsontour.de\/?p=238\">Eine 26 st\u00fcndige Autofahrt und Durchquerung des Nullabor<\/a><div class=\"lcp_excerpt\">Die Autofahrt von Esperance nach Adelaide ist unglaublich lang, n\u00e4mlich 2268 km. Um das mal in einen Kontext zu bringen, zwischen Garmisch-Partenkirchen und Flensburg liegen 1000 km. Sprich wir sind an zwei Tagen einmal vom s\u00fcdlichsten zum n\u00f6rdlichsten Punkt in Deutschland und zur\u00fcck. Der Unterschied zwischen Esperance und Adelaide sind 3 \u201egr\u00f6\u00dfere\u201c St\u00e4dte, grob ein ...<\/div><\/li><li><a href=\"https:\/\/scientistsontour.de\/?p=234\">Esperance<\/a><div class=\"lcp_excerpt\">Nach einer diesmal etwas l\u00e4ngeren Autofahrt (ca. 5 Stunden, aber das werden wir noch toppen k\u00f6nnen) kamen wir gegen 16:00 in Esperance an. Nachdem unser Couchsurfer kurzfristig arbeiten musste, vertrieben wir uns die Zwischenzeit mit einer Fahrt \u00fcber den Ocean Drive, welcher am Pink Lake (der nicht pink ist) zur K\u00fcste und dort entlang alle ...<\/div><\/li><li><a href=\"https:\/\/scientistsontour.de\/?p=227\">Albany<\/a><div class=\"lcp_excerpt\">In Albany angekommen wurden wir erstmal bitter entt\u00e4uscht. Obwohl wir eine Stunde vor Ladenschluss ankamen, wurden wir in der Werkstatt auf den n\u00e4chsten Morgen vertr\u00f6stet. Dementsprechend leicht genervt machten wir uns auf den Weg zur\u00fcck zu einer Couchsurferin, die uns spontan f\u00fcr die Nacht zugesagt hatte. Rachel war super nett und hilfsbereit (wir durften unseren ...<\/div><\/li><li><a href=\"https:\/\/scientistsontour.de\/?p=223\">Shannon Forest &#038; Valley of the Giants<\/a><div class=\"lcp_excerpt\">Nachdem wir Margeret River gesehen bzw. gekostet hatten, wollten wir noch ein paar km in Richtung Albany gutmachen. Wir waren schon ziemlich gespannt auf die Strecke, da sie uns direkt durch ein riesiges Waldgebiet, den Shannon Forest f\u00fchren sollte. Die Strecke war dann tats\u00e4chlich auch unglaublich sch\u00f6n, bis wir irgendwann dicke Rauchschwaden \u00fcber dem Wald ...<\/div><\/li><li><a href=\"https:\/\/scientistsontour.de\/?p=220\">Margaret River<\/a><div class=\"lcp_excerpt\">Margaret River ist zum einen eine kleine nicht sehr sehenswerte Stadt und zum andern eine Region, die f\u00fcr Weing\u00fcter, Brauereien, Distillerien, Schokoladenmanufakturen usw. bekannt ist (\u00e4hnlich zum Swan Valley um Perth). Daher ging der Sonntagmorgen mit einer Verkostungstour los. Zuerst stand also eine Weinverkostung im Cheeky Monkey an, dann zwei Bier- und Ciderverkostungen, eine davon ...<\/div><\/li><li><a href=\"https:\/\/scientistsontour.de\/?p=212\">Busselton<\/a><div class=\"lcp_excerpt\">Auf dem Weg nach Busselton hat Tobi eine Nachricht von unserer Eventfirma bekommen, die noch zus\u00e4tzliches Personal f\u00fcr ein Konzert am gleichen Tag in Busselton suchte. Spontan hat er dann also nochmal ein bisschen Geld verdient und Kerstin hat mit Vera Busselton unsicher gemacht. Soweit man das kleine St\u00e4dtchen bei Regen und Wind eben unsicher ...<\/div><\/li><li><a href=\"https:\/\/scientistsontour.de\/?p=209\">South Coast Roadtrip<\/a><div class=\"lcp_excerpt\">Endlich war es soweit: wir haben uns nach 7 Wochen an der Westk\u00fcste auf den Weg zur Ostk\u00fcste Australiens gemacht. Dabei wollten wir nat\u00fcrlich alle Sehensw\u00fcrdigkeiten entlang der S\u00fcdk\u00fcste mitnehmen. Da ein Mietauto an sich zwar nicht unbedingt zu teuer, aber die sogenannten one-way fees (Geb\u00fchren f\u00fcr den einfachen Weg) bei bis zu 2500$ zus\u00e4tzlich ...<\/div><\/li><li><a href=\"https:\/\/scientistsontour.de\/?p=204\">Zur\u00fcck in Perth: Arbeitssuche, Klingelbeutel, T\u00fcrverk\u00e4ufe, Festivals und 3 Engel f\u00fcr Charlie.<\/a><div class=\"lcp_excerpt\">Vorsicht, der Beitrag hat sehr viel Text und wenig Bilder\u2026 \ud83d\ude42\n1. Woche:\nNachdem wir am Montag das Auto nochmal ein bisschen geputzt und zur\u00fcckgegeben hatten, tingelten wir ein wenig durch die Stadt, um einige Sachen zu erledigen (z.B. Lebensl\u00e4ufe drucken), um uns dann nachmittags mit Michelle (unseren zweiten Couchsurfern, die uns das Zelt geliehen hatten) zu ...<\/div><\/li><li><a href=\"https:\/\/scientistsontour.de\/?p=196\">Shark Bay<\/a><div class=\"lcp_excerpt\">Nach einer ausnahmsweise kurzen Fahrt (3 Std) waren wir dann auch schon in Denham bei unserem n\u00e4chsten Couchsurfing Host Paul und seiner jungen Labrador-H\u00fcndin Birra angekommen. Zuerst zu seiner Unterkunft: eine Lagerhalle, in der Container stehen, ehemals wohl so was wie eine Werkstatt mit B\u00fcro im Container, doch jetzt ist es Pauls Wohnung. Zudem bietet ...<\/div><\/li><li><a href=\"https:\/\/scientistsontour.de\/?p=192\">Canarvon<\/a><div class=\"lcp_excerpt\">Vom Karijini Nationalpark zur\u00fcck in die Zivilisation sind es wieder rund 700km. Wir haben uns f\u00fcr die \u201eStadt\u201c Canarvon entschieden, da wir h\u00f6rten es sei ein recht nettes Fleckchen und die komplette Strecke zu Monkey Mia einfach zu weit gewesen w\u00e4re. Die Attraktionen halten sich zwar in Grenzen, daf\u00fcr gibt es einen sch\u00f6nen Strand, den ...<\/div><\/li><li><a href=\"https:\/\/scientistsontour.de\/?p=187\">Karijini National Park<\/a><div class=\"lcp_excerpt\">Nach einer ungef\u00e4hr 8-st\u00fcndigen Autofahrt kamen wir im Karijini NP an. Sobald man weiter ins Landesinnere kommt, steigen die Temperaturen sofort an: tags\u00fcber um die 40\u00b0C und nachts k\u00fchlt es nur auf 27\u00b0C runter. Der erste Schritt im roten Sandstein (der uns sp\u00e4ter noch Kopfzerbrechen machen sollte) des NP war es uns einen Platz f\u00fcr ...<\/div><\/li><li><a href=\"https:\/\/scientistsontour.de\/?p=167\">Exmouth und Cape Range National Park<\/a><div class=\"lcp_excerpt\">Nach einer ausnahmsweise sehr kurzen Autofahrt (ca. 2 Stunden) zogen wir bei unserer n\u00e4chsten Gastfamilie ein. Dieses Mal ein verheiratetes Paar um die 50 mit ihrem 3-j\u00e4hrigen Sohn Kevin. Dementsprechend war es auch eine etwas andere Erfahrung als zu Beginn unserer Reise, allerdings keineswegs eine schlechtere. Wir wurden sehr nett aufgenommen und die drei nahmen ...<\/div><\/li><li><a href=\"https:\/\/scientistsontour.de\/?p=163\">Coral Bay<\/a><div class=\"lcp_excerpt\">Nach einem weiteren Tag im Auto (wir haben die Distanzen hier wirklich untersch\u00e4tzt), sind wir also in Coral Bay angekommen. Nach einer Stadtbesichtigung (2 Campinglpl\u00e4tze und ein Hotel) haben wir dann am n\u00e4chsten Tag den Strand unsicher gemacht: ein wei\u00dfer Sandstrand mit wundersch\u00f6nem t\u00fcrkisblauen Wasser und vorgelagerten Korallen. Leider waren die Korallen in Schwimmweite tot ...<\/div><\/li><li><a href=\"https:\/\/scientistsontour.de\/?p=151\">Kalbarri National Park<\/a><div class=\"lcp_excerpt\">Nun war es also doch endlich soweit, wir waren an unserem ersten Nationalpark angekommen. Kalbarri ist ein kleiner Fischerort, der eigentlich ausschlie\u00dflich aus Hotels, Hostels und Campingpl\u00e4tzen sowie Superm\u00e4rkten besteht. Aber das Konzept ist ja nicht neu und sollte uns auf dem Weg zu den anderen Nationalparks noch h\u00e4ufiger begegnen. Eine weitere witzige Eigenart dieser ...<\/div><\/li><li><a href=\"https:\/\/scientistsontour.de\/?p=144\">Westcoast Roadtrip<\/a><div class=\"lcp_excerpt\">Mit unserem gemieteten kleinen Mitsubishi sind wir los Richtung Norden. Linksverkehr und Automatikgetriebe erforderten ein wenig Umstellung, aber bei so viel Fahrerei ging das relativ flott&#8230;\nDazu muss man wissen, dass Perth die isolierteste Gro\u00dfstadt der Welt ist. Das merkt man dann auch je weiter man sich von Perth wegbewegt. Dann liegen mal locker 600 km ...<\/div><\/li><li><a href=\"https:\/\/scientistsontour.de\/?p=138\">Perth<\/a><div class=\"lcp_excerpt\">sorry only google translate so far \ud83d\ude41\nSo now (finally) arrived in Australia &#8230; then wait 2 hours at customs, drug control (with drugs Beagle), a 1-hour bus ride to the city and we were arrived at our 2nd CouchSurfing host: Brodie, at our age, a incredibly cute and funny australian, with a similar sense of ...<\/div><\/li><\/ul>\n","protected":false},"excerpt":{"rendered":"","protected":false},"author":2,"featured_media":0,"parent":689,"menu_order":2,"comment_status":"open","ping_status":"closed","template":"","meta":{"jetpack_post_was_ever_published":false},"_links":{"self":[{"href":"https:\/\/scientistsontour.de\/index.php?rest_route=\/wp\/v2\/pages\/29"}],"collection":[{"href":"https:\/\/scientistsontour.de\/index.php?rest_route=\/wp\/v2\/pages"}],"about":[{"href":"https:\/\/scientistsontour.de\/index.php?rest_route=\/wp\/v2\/types\/page"}],"author":[{"embeddable":true,"href":"https:\/\/scientistsontour.de\/index.php?rest_route=\/wp\/v2\/users\/2"}],"replies":[{"embeddable":true,"href":"https:\/\/scientistsontour.de\/index.php?rest_route=%2Fwp%2Fv2%2Fcomments&post=29"}],"version-history":[{"count":12,"href":"https:\/\/scientistsontour.de\/index.php?rest_route=\/wp\/v2\/pages\/29\/revisions"}],"predecessor-version":[{"id":384,"href":"https:\/\/scientistsontour.de\/index.php?rest_route=\/wp\/v2\/pages\/29\/revisions\/384"}],"up":[{"embeddable":true,"href":"https:\/\/scientistsontour.de\/index.php?rest_route=\/wp\/v2\/pages\/689"}],"wp:attachment":[{"href":"https:\/\/scientistsontour.de\/index.php?rest_route=%2Fwp%2Fv2%2Fmedia&parent=29"}],"curies":[{"name":"wp","href":"https:\/\/api.w.org\/{rel}","templated":true}]}}