{"id":1633,"date":"2024-01-26T16:00:56","date_gmt":"2024-01-26T14:00:56","guid":{"rendered":"https:\/\/scientistsontour.de\/?page_id=1633"},"modified":"2024-01-26T16:02:17","modified_gmt":"2024-01-26T14:02:17","slug":"borneo","status":"publish","type":"page","link":"https:\/\/scientistsontour.de\/?page_id=1633","title":{"rendered":"Borneo"},"content":{"rendered":"<ul class=\"lcp_catlist\" id=\"lcp_instance_0\"><li><a href=\"https:\/\/scientistsontour.de\/?p=1694\">Kuching &ndash; eine hautnahe Erfahrung des Lebens in Borneo<\/a><div class=\"lcp_excerpt\">Der Westen Borneos ist gef\u00fchlt etwas \u201czivilisierter\u201d als der Osten, und in Kuching merkt man das sofort. Es gibt nettere Hostels, die Menschen sind offener und es gibt merklich mehr Leben in der Stadt. Die h\u00fcbsche Promenade entlang des Flusses durch die Stadt wird abends zum Treffpunkt f\u00fcr die Stadt (und die tats\u00e4chlich recht vielen ...<\/div><\/li><li><a href=\"https:\/\/scientistsontour.de\/?p=1691\">Gunung Mulu Nationalpark &ndash; und pl&ouml;tzlich versagt das Knie<\/a><div class=\"lcp_excerpt\">Der n\u00e4chste Stopp nach Sandakan sollte eigentlich das kleine Sultanat Brunei im Norden Borneos sein, aber hier geben wir uns dann gegen die komplizierte Reiseplanung in Borneo geschlagen. Fliegen ist nicht nur teuer, sondern man fliegt auch erstmal raus aus Borneo und zur\u00fcck nach Kuala Lumpur. Busse von Kota Kinabalu gibt es nicht und die ...<\/div><\/li><li><a href=\"https:\/\/scientistsontour.de\/?p=1687\">Sandakan &ndash; Affen, B&auml;ren und Schildkr&ouml;ten<\/a><div class=\"lcp_excerpt\">Rund um Sandakan gibt es unglaublich viel zu sehen, und so entschlie\u00dfen wir uns eine Tour zu buchen \u2013 auch das ist nicht ganz einfach, denn die meisten Touranbieter sind in Kota Kinabalu, wo wir aber keine B\u00fcros gefunden haben, und so buchen wir online und via Telefon\u2026 Insbesondere ist Sandakan von einer Vielzahl an ...<\/div><\/li><li><a href=\"https:\/\/scientistsontour.de\/?p=1678\">Kota Kinabalu &ndash; Willkommen auf Borneo<\/a><div class=\"lcp_excerpt\">Wir hatten uns das irgendwie einfacher vorgestellt, als es dann im Endeffekt war. Ja, Borneo ist nur einen Katzensprung von Vietnam entfernt. Ja, der Teil von Borneo den wir besuchen, geh\u00f6rt zu Malaysia mit seiner guten Businfrastruktur. Ja Borneo ist eine Insel, da kann man bestimmt mal einen kurzen Flug von einer Ecke in die ...<\/div><\/li><\/ul>\n","protected":false},"excerpt":{"rendered":"","protected":false},"author":2,"featured_media":0,"parent":1629,"menu_order":2,"comment_status":"closed","ping_status":"closed","template":"","meta":{"jetpack_post_was_ever_published":false},"_links":{"self":[{"href":"https:\/\/scientistsontour.de\/index.php?rest_route=\/wp\/v2\/pages\/1633"}],"collection":[{"href":"https:\/\/scientistsontour.de\/index.php?rest_route=\/wp\/v2\/pages"}],"about":[{"href":"https:\/\/scientistsontour.de\/index.php?rest_route=\/wp\/v2\/types\/page"}],"author":[{"embeddable":true,"href":"https:\/\/scientistsontour.de\/index.php?rest_route=\/wp\/v2\/users\/2"}],"replies":[{"embeddable":true,"href":"https:\/\/scientistsontour.de\/index.php?rest_route=%2Fwp%2Fv2%2Fcomments&post=1633"}],"version-history":[{"count":1,"href":"https:\/\/scientistsontour.de\/index.php?rest_route=\/wp\/v2\/pages\/1633\/revisions"}],"predecessor-version":[{"id":1634,"href":"https:\/\/scientistsontour.de\/index.php?rest_route=\/wp\/v2\/pages\/1633\/revisions\/1634"}],"up":[{"embeddable":true,"href":"https:\/\/scientistsontour.de\/index.php?rest_route=\/wp\/v2\/pages\/1629"}],"wp:attachment":[{"href":"https:\/\/scientistsontour.de\/index.php?rest_route=%2Fwp%2Fv2%2Fmedia&parent=1633"}],"curies":[{"name":"wp","href":"https:\/\/api.w.org\/{rel}","templated":true}]}}