{"id":1629,"date":"2024-01-26T15:56:36","date_gmt":"2024-01-26T13:56:36","guid":{"rendered":"https:\/\/scientistsontour.de\/?page_id=1629"},"modified":"2024-01-26T15:57:15","modified_gmt":"2024-01-26T13:57:15","slug":"suedostasien-2024","status":"publish","type":"page","link":"https:\/\/scientistsontour.de\/?page_id=1629","title":{"rendered":"S\u00fcdostasien 2024"},"content":{"rendered":"<ul class=\"lcp_catlist\" id=\"lcp_instance_0\"><li><a href=\"https:\/\/scientistsontour.de\/?p=1698\">Singapur &ndash; teuer teuer teuer&hellip;<\/a><div class=\"lcp_excerpt\">Eigentlich hatten wir geplant einig Tage in Singapur zu bleiben, aber nach einer kurzen Suche nach Unterk\u00fcnften verwerfen wir den Plan ganz schnell. Bei mind. 60\u20ac\/Nacht f\u00fcr ein Zimmer in einem Schlafsaal, nehmen wir einen Flug fr\u00fch morgens von Kuching nach Singapur (so sparen wir eine Nacht) und bleiben auch nur zwei N\u00e4chte in der ...<\/div><\/li><li><a href=\"https:\/\/scientistsontour.de\/?p=1694\">Kuching &ndash; eine hautnahe Erfahrung des Lebens in Borneo<\/a><div class=\"lcp_excerpt\">Der Westen Borneos ist gef\u00fchlt etwas \u201czivilisierter\u201d als der Osten, und in Kuching merkt man das sofort. Es gibt nettere Hostels, die Menschen sind offener und es gibt merklich mehr Leben in der Stadt. Die h\u00fcbsche Promenade entlang des Flusses durch die Stadt wird abends zum Treffpunkt f\u00fcr die Stadt (und die tats\u00e4chlich recht vielen ...<\/div><\/li><li><a href=\"https:\/\/scientistsontour.de\/?p=1691\">Gunung Mulu Nationalpark &ndash; und pl&ouml;tzlich versagt das Knie<\/a><div class=\"lcp_excerpt\">Der n\u00e4chste Stopp nach Sandakan sollte eigentlich das kleine Sultanat Brunei im Norden Borneos sein, aber hier geben wir uns dann gegen die komplizierte Reiseplanung in Borneo geschlagen. Fliegen ist nicht nur teuer, sondern man fliegt auch erstmal raus aus Borneo und zur\u00fcck nach Kuala Lumpur. Busse von Kota Kinabalu gibt es nicht und die ...<\/div><\/li><li><a href=\"https:\/\/scientistsontour.de\/?p=1687\">Sandakan &ndash; Affen, B&auml;ren und Schildkr&ouml;ten<\/a><div class=\"lcp_excerpt\">Rund um Sandakan gibt es unglaublich viel zu sehen, und so entschlie\u00dfen wir uns eine Tour zu buchen \u2013 auch das ist nicht ganz einfach, denn die meisten Touranbieter sind in Kota Kinabalu, wo wir aber keine B\u00fcros gefunden haben, und so buchen wir online und via Telefon\u2026 Insbesondere ist Sandakan von einer Vielzahl an ...<\/div><\/li><li><a href=\"https:\/\/scientistsontour.de\/?p=1678\">Kota Kinabalu &ndash; Willkommen auf Borneo<\/a><div class=\"lcp_excerpt\">Wir hatten uns das irgendwie einfacher vorgestellt, als es dann im Endeffekt war. Ja, Borneo ist nur einen Katzensprung von Vietnam entfernt. Ja, der Teil von Borneo den wir besuchen, geh\u00f6rt zu Malaysia mit seiner guten Businfrastruktur. Ja Borneo ist eine Insel, da kann man bestimmt mal einen kurzen Flug von einer Ecke in die ...<\/div><\/li><li><a href=\"https:\/\/scientistsontour.de\/?p=1674\">Mekong Delta &ndash; Farben so weit das Auge reicht<\/a><div class=\"lcp_excerpt\">Unser letzter Stopp in Vietnam f\u00fchrt uns mit dem Flugzeug von Hue zur\u00fcck nach Ho Chi Minh City und mit dem Bus weiter nach Can Tho mitten im Mekong Delta. Zwar hat der Flieger etwas Versp\u00e4tung, daf\u00fcr braucht der Bus aber nur 2,5 statt der angek\u00fcndigten 4 Stunden.\nIn Can Tho selbst ist nicht \u00fcberm\u00e4\u00dfig viel ...<\/div><\/li><li><a href=\"https:\/\/scientistsontour.de\/?p=1668\">Hue &ndash; im Kloster in der Kaiserstadt<\/a><div class=\"lcp_excerpt\">Die Kaiserstadt Hue hat neben der alten Zitadelle des Kaisers auch noch einige kaiserliche Grab- und Gedenkst\u00e4dten und eines der gr\u00f6\u00dften buddhistischen Kloster S\u00fcdostasiens zu bieten.\nWir beginnen mit einem der mehreren Grabm\u00e4hler der alten Kaiserdynastie \u201cLang Tu Duc\u201d des gleichnamigen Herrschers, etwas au\u00dferhalb des Stadtkerns. Hier sind Grabm\u00e4hler zu Ehren des Kaisers, sowie die Gr\u00e4ber ...<\/div><\/li><li><a href=\"https:\/\/scientistsontour.de\/?p=1659\">Hoi An &ndash; Auf einmal Touristenmassen<\/a><div class=\"lcp_excerpt\">Die 17-st\u00fcndige Zugfahrt verl\u00e4uft recht unspektakul\u00e4r. Bis es dunkel wird, sitzen wir unbehelligt in einem Sitzabteil und begeben uns dann f\u00fcr die Nacht in das Schlafabteil, das wir uns mit zwei vietnamesischen M\u00e4nnern und ihrem Sohn teilen. Die \u201cBetten\u201d sind zwar eher f\u00fcr kleinere Menschen gedacht, aber trotzdem ganz ok, nur typisch asiatisch etwas hart ...<\/div><\/li><li><a href=\"https:\/\/scientistsontour.de\/?p=1654\">Mui Ne &ndash; Sandd&uuml;nen in Vietnam???<\/a><div class=\"lcp_excerpt\">Sandd\u00fcnen in Vietnam? Noch nie davon geh\u00f6rt? Wir auch nicht, und dachten uns das m\u00fcssen wir uns anschauen. Au\u00dferdem kam uns ganz gelegen, dass es sich als Zwischenstopp zwischen Ho Chi Minh und Zentralvietnam mit der Laternenstadt Hoi An&nbsp; und der Kaiserstadt Hue \u2013 welche wir beide unbedingt sehen wollten \u2013 sehr gut eignet. Au\u00dferdem ...<\/div><\/li><li><a href=\"https:\/\/scientistsontour.de\/?p=1648\">Ho Chi Minh &ndash; Zur&uuml;ck im &ldquo;Chaos&rdquo; S&uuml;dostasiens<\/a><div class=\"lcp_excerpt\">Irgendwie waren wir seit der Covid-Zeit so sehr mit anderen Teilen der Welt besch\u00e4ftigt, dass wir S\u00fcdostasien etwas \u201cvernachl\u00e4ssigt\u201d hatten. Das wollen wir \u00e4ndern und machen uns mal wieder auf nach S\u00fcdostasien, genauer gesagt haben wir uns die Insel Borneo in den Kopf gesetzt. Da wir aber vier Wochen Zeit haben, wollten wir endlich den ...<\/div><\/li><\/ul>\n","protected":false},"excerpt":{"rendered":"","protected":false},"author":2,"featured_media":0,"parent":0,"menu_order":-12,"comment_status":"closed","ping_status":"closed","template":"","meta":{"jetpack_post_was_ever_published":false},"_links":{"self":[{"href":"https:\/\/scientistsontour.de\/index.php?rest_route=\/wp\/v2\/pages\/1629"}],"collection":[{"href":"https:\/\/scientistsontour.de\/index.php?rest_route=\/wp\/v2\/pages"}],"about":[{"href":"https:\/\/scientistsontour.de\/index.php?rest_route=\/wp\/v2\/types\/page"}],"author":[{"embeddable":true,"href":"https:\/\/scientistsontour.de\/index.php?rest_route=\/wp\/v2\/users\/2"}],"replies":[{"embeddable":true,"href":"https:\/\/scientistsontour.de\/index.php?rest_route=%2Fwp%2Fv2%2Fcomments&post=1629"}],"version-history":[{"count":1,"href":"https:\/\/scientistsontour.de\/index.php?rest_route=\/wp\/v2\/pages\/1629\/revisions"}],"predecessor-version":[{"id":1630,"href":"https:\/\/scientistsontour.de\/index.php?rest_route=\/wp\/v2\/pages\/1629\/revisions\/1630"}],"wp:attachment":[{"href":"https:\/\/scientistsontour.de\/index.php?rest_route=%2Fwp%2Fv2%2Fmedia&parent=1629"}],"curies":[{"name":"wp","href":"https:\/\/api.w.org\/{rel}","templated":true}]}}